{"id":2797,"date":"2023-05-29T11:25:55","date_gmt":"2023-05-29T11:25:55","guid":{"rendered":"https:\/\/fincaduernas.com\/?post_type=product&#038;p=2797"},"modified":"2025-11-06T09:11:35","modified_gmt":"2025-11-06T09:11:35","slug":"duernas-origen-ecologico","status":"publish","type":"product","link":"https:\/\/fincaduernas.com\/en\/product\/duernas-origen-ecologico","title":{"rendered":"Duernas Origen &#8211; Ecol\u00f3gico"},"content":{"rendered":"<p>Gifts from Nature, which shows her appreciation for the care we lavish on her by providing us with exquisite food. Delicacies which tantalise our palate, whilst nurturing our body.\nThey reflect our outlook on life because, at Finca Duernas, we live as though tomorrow\nwill be our last day, but are as protective of Nature as if we\u2019re going to live forever.\nThere\u2019s simply no improving on Nature. This range we offer you straight from\nthe finca to your table is the reward we reap for our profound respect for the land and our culture.<\/p>\n<p class=\"translation-block\">It is a complex extra virgin, balanced in the mouth, with notes of banana and tomato, and a peppery aftertaste, owing to the high concentration of natural oxidants.<\/p>","protected":false},"excerpt":{"rendered":"<p>Gifts from Nature, which shows her appreciation for the care we lavish on her by providing us with exquisite food. Delicacies which tantalise our palate, whilst nurturing our body.\nThey reflect our outlook on life because, at Finca Duernas, we live as though tomorrow\nwill be our last day, but are as protective of Nature as if we\u2019re going to live forever.\nThere\u2019s simply no improving on Nature. This range we offer you straight from\nthe finca to your table is the reward we reap for our profound respect for the land and our culture.<\/p>\n<p class=\"translation-block\">It is a complex extra virgin, balanced in the mouth, with notes of banana and tomato, and a peppery aftertaste, owing to the high concentration of natural oxidants.<\/p>","protected":false},"featured_media":2644,"template":"","meta":[],"product_brand":[],"product_cat":[50,87],"product_tag":[],"class_list":{"0":"post-2797","1":"product","2":"type-product","3":"status-publish","4":"has-post-thumbnail","6":"product_cat-aceites-de-oliva-virgen-extra","7":"product_cat-duernas-origen","9":"first","10":"outofstock","11":"taxable","12":"shipping-taxable","13":"purchasable","14":"product-type-variable"},"yoast_head":"<!-- This site is optimized with the Yoast SEO plugin v26.9 - https:\/\/yoast.com\/product\/yoast-seo-wordpress\/ -->\n<title>Duernas Origen - Ecol\u00f3gico - Finca Duernas<\/title>\n<meta name=\"robots\" content=\"index, follow, max-snippet:-1, max-image-preview:large, max-video-preview:-1\" \/>\n<link rel=\"canonical\" href=\"https:\/\/fincaduernas.com\/en\/product\/duernas-origen-ecologico\/\" \/>\n<meta property=\"og:locale\" content=\"en_GB\" \/>\n<meta property=\"og:type\" content=\"article\" \/>\n<meta property=\"og:title\" content=\"Duernas Origen - Ecol\u00f3gico - Finca Duernas\" \/>\n<meta property=\"og:description\" content=\"Duernas origen es la manifestaci\u00f3n m\u00e1s bella del cambio en el olivar: El Envero. Cuando el fruto cambia del verde al p\u00farpura, mostrando su fuerza arom\u00e1tica y de sabor, junto a su mayor riqueza nutricional. Procede del lat\u00edn in-variare, y se considera, desde los tiempos del Imperio Romano, el mejor aceite que el \u00e1rbol puede ofrecer.  Es un coupage de las variedades arbequina y picual ecol\u00f3gico. Su aroma nos sit\u00faa en medio del olivar, donde la fresca hierba viste la tierra y la fauna ejerce el equilibrio necesario. Complejo, con notas de pl\u00e1tano y tomate, dejando en el retrogusto unas notas picantes, debido a su alta concentraci\u00f3n de oxidantes naturales.\" \/>\n<meta property=\"og:url\" content=\"https:\/\/fincaduernas.com\/en\/product\/duernas-origen-ecologico\/\" \/>\n<meta property=\"og:site_name\" content=\"Finca Duernas\" \/>\n<meta property=\"article:modified_time\" content=\"2025-11-06T09:11:35+00:00\" \/>\n<meta property=\"og:image\" content=\"https:\/\/fincaduernas.com\/wp-content\/uploads\/2023\/05\/duernas-origen-ecologico.webp\" \/>\n\t<meta property=\"og:image:width\" content=\"1500\" \/>\n\t<meta property=\"og:image:height\" content=\"1500\" \/>\n\t<meta property=\"og:image:type\" content=\"image\/webp\" \/>\n<meta name=\"twitter:card\" content=\"summary_large_image\" \/>\n<meta name=\"twitter:label1\" content=\"Estimated reading time\" \/>\n\t<meta name=\"twitter:data1\" content=\"1 minute\" \/>\n<script type=\"application\/ld+json\" class=\"yoast-schema-graph\">{\"@context\":\"https:\/\/schema.org\",\"@graph\":[{\"@type\":\"WebPage\",\"@id\":\"https:\/\/fincaduernas.com\/producto\/duernas-origen-ecologico\",\"url\":\"https:\/\/fincaduernas.com\/producto\/duernas-origen-ecologico\",\"name\":\"Duernas Origen - Ecol\u00f3gico - Finca Duernas\",\"isPartOf\":{\"@id\":\"https:\/\/fincaduernas.com\/#website\"},\"primaryImageOfPage\":{\"@id\":\"https:\/\/fincaduernas.com\/producto\/duernas-origen-ecologico#primaryimage\"},\"image\":{\"@id\":\"https:\/\/fincaduernas.com\/producto\/duernas-origen-ecologico#primaryimage\"},\"thumbnailUrl\":\"https:\/\/fincaduernas.com\/wp-content\/uploads\/2023\/05\/duernas-origen-ecologico.webp\",\"datePublished\":\"2023-05-29T11:25:55+00:00\",\"dateModified\":\"2025-11-06T09:11:35+00:00\",\"breadcrumb\":{\"@id\":\"https:\/\/fincaduernas.com\/producto\/duernas-origen-ecologico#breadcrumb\"},\"inLanguage\":\"en-GB\",\"potentialAction\":[{\"@type\":\"ReadAction\",\"target\":[\"https:\/\/fincaduernas.com\/producto\/duernas-origen-ecologico\"]}]},{\"@type\":\"ImageObject\",\"inLanguage\":\"en-GB\",\"@id\":\"https:\/\/fincaduernas.com\/producto\/duernas-origen-ecologico#primaryimage\",\"url\":\"https:\/\/fincaduernas.com\/wp-content\/uploads\/2023\/05\/duernas-origen-ecologico.webp\",\"contentUrl\":\"https:\/\/fincaduernas.com\/wp-content\/uploads\/2023\/05\/duernas-origen-ecologico.webp\",\"width\":1500,\"height\":1500},{\"@type\":\"BreadcrumbList\",\"@id\":\"https:\/\/fincaduernas.com\/producto\/duernas-origen-ecologico#breadcrumb\",\"itemListElement\":[{\"@type\":\"ListItem\",\"position\":1,\"name\":\"Portada\",\"item\":\"https:\/\/fincaduernas.com\/\"},{\"@type\":\"ListItem\",\"position\":2,\"name\":\"Tienda\",\"item\":\"https:\/\/fincaduernas.com\/tienda\"},{\"@type\":\"ListItem\",\"position\":3,\"name\":\"Duernas Origen &#8211; Ecol\u00f3gico\"}]},{\"@type\":\"WebSite\",\"@id\":\"https:\/\/fincaduernas.com\/#website\",\"url\":\"https:\/\/fincaduernas.com\/\",\"name\":\"Finca Duernas\",\"description\":\"Aceite de Oliva Virgen Extra\",\"publisher\":{\"@id\":\"https:\/\/fincaduernas.com\/#organization\"},\"potentialAction\":[{\"@type\":\"SearchAction\",\"target\":{\"@type\":\"EntryPoint\",\"urlTemplate\":\"https:\/\/fincaduernas.com\/?s={search_term_string}\"},\"query-input\":{\"@type\":\"PropertyValueSpecification\",\"valueRequired\":true,\"valueName\":\"search_term_string\"}}],\"inLanguage\":\"en-GB\"},{\"@type\":\"Organization\",\"@id\":\"https:\/\/fincaduernas.com\/#organization\",\"name\":\"Finca Duernas\",\"url\":\"https:\/\/fincaduernas.com\/\",\"logo\":{\"@type\":\"ImageObject\",\"inLanguage\":\"en-GB\",\"@id\":\"https:\/\/fincaduernas.com\/#\/schema\/logo\/image\/\",\"url\":\"https:\/\/fincaduernas.com\/wp-content\/uploads\/2022\/09\/finca-duernas-logo.svg\",\"contentUrl\":\"https:\/\/fincaduernas.com\/wp-content\/uploads\/2022\/09\/finca-duernas-logo.svg\",\"width\":123,\"height\":31,\"caption\":\"Finca Duernas\"},\"image\":{\"@id\":\"https:\/\/fincaduernas.com\/#\/schema\/logo\/image\/\"}}]}<\/script>\n<!-- \/ Yoast SEO plugin. -->","yoast_head_json":{"title":"Duernas Origen - Ecol\u00f3gico - Finca Duernas","robots":{"index":"index","follow":"follow","max-snippet":"max-snippet:-1","max-image-preview":"max-image-preview:large","max-video-preview":"max-video-preview:-1"},"canonical":"https:\/\/fincaduernas.com\/en\/product\/duernas-origen-ecologico\/","og_locale":"en_GB","og_type":"article","og_title":"Duernas Origen - Ecol\u00f3gico - Finca Duernas","og_description":"Duernas origen es la manifestaci\u00f3n m\u00e1s bella del cambio en el olivar: El Envero. Cuando el fruto cambia del verde al p\u00farpura, mostrando su fuerza arom\u00e1tica y de sabor, junto a su mayor riqueza nutricional. Procede del lat\u00edn in-variare, y se considera, desde los tiempos del Imperio Romano, el mejor aceite que el \u00e1rbol puede ofrecer.  Es un coupage de las variedades arbequina y picual ecol\u00f3gico. Su aroma nos sit\u00faa en medio del olivar, donde la fresca hierba viste la tierra y la fauna ejerce el equilibrio necesario. Complejo, con notas de pl\u00e1tano y tomate, dejando en el retrogusto unas notas picantes, debido a su alta concentraci\u00f3n de oxidantes naturales.","og_url":"https:\/\/fincaduernas.com\/en\/product\/duernas-origen-ecologico\/","og_site_name":"Finca Duernas","article_modified_time":"2025-11-06T09:11:35+00:00","og_image":[{"width":1500,"height":1500,"url":"https:\/\/fincaduernas.com\/wp-content\/uploads\/2023\/05\/duernas-origen-ecologico.webp","type":"image\/webp"}],"twitter_card":"summary_large_image","twitter_misc":{"Estimated reading time":"1 minute"},"schema":{"@context":"https:\/\/schema.org","@graph":[{"@type":"WebPage","@id":"https:\/\/fincaduernas.com\/producto\/duernas-origen-ecologico","url":"https:\/\/fincaduernas.com\/producto\/duernas-origen-ecologico","name":"Duernas Origen - Ecol\u00f3gico - Finca Duernas","isPartOf":{"@id":"https:\/\/fincaduernas.com\/#website"},"primaryImageOfPage":{"@id":"https:\/\/fincaduernas.com\/producto\/duernas-origen-ecologico#primaryimage"},"image":{"@id":"https:\/\/fincaduernas.com\/producto\/duernas-origen-ecologico#primaryimage"},"thumbnailUrl":"https:\/\/fincaduernas.com\/wp-content\/uploads\/2023\/05\/duernas-origen-ecologico.webp","datePublished":"2023-05-29T11:25:55+00:00","dateModified":"2025-11-06T09:11:35+00:00","breadcrumb":{"@id":"https:\/\/fincaduernas.com\/producto\/duernas-origen-ecologico#breadcrumb"},"inLanguage":"en-GB","potentialAction":[{"@type":"ReadAction","target":["https:\/\/fincaduernas.com\/producto\/duernas-origen-ecologico"]}]},{"@type":"ImageObject","inLanguage":"en-GB","@id":"https:\/\/fincaduernas.com\/producto\/duernas-origen-ecologico#primaryimage","url":"https:\/\/fincaduernas.com\/wp-content\/uploads\/2023\/05\/duernas-origen-ecologico.webp","contentUrl":"https:\/\/fincaduernas.com\/wp-content\/uploads\/2023\/05\/duernas-origen-ecologico.webp","width":1500,"height":1500},{"@type":"BreadcrumbList","@id":"https:\/\/fincaduernas.com\/producto\/duernas-origen-ecologico#breadcrumb","itemListElement":[{"@type":"ListItem","position":1,"name":"Portada","item":"https:\/\/fincaduernas.com\/"},{"@type":"ListItem","position":2,"name":"Tienda","item":"https:\/\/fincaduernas.com\/tienda"},{"@type":"ListItem","position":3,"name":"Duernas Origen &#8211; Ecol\u00f3gico"}]},{"@type":"WebSite","@id":"https:\/\/fincaduernas.com\/#website","url":"https:\/\/fincaduernas.com\/","name":"Finca Duernas","description":"Aceite de Oliva Virgen Extra","publisher":{"@id":"https:\/\/fincaduernas.com\/#organization"},"potentialAction":[{"@type":"SearchAction","target":{"@type":"EntryPoint","urlTemplate":"https:\/\/fincaduernas.com\/?s={search_term_string}"},"query-input":{"@type":"PropertyValueSpecification","valueRequired":true,"valueName":"search_term_string"}}],"inLanguage":"en-GB"},{"@type":"Organization","@id":"https:\/\/fincaduernas.com\/#organization","name":"Finca Duernas","url":"https:\/\/fincaduernas.com\/","logo":{"@type":"ImageObject","inLanguage":"en-GB","@id":"https:\/\/fincaduernas.com\/#\/schema\/logo\/image\/","url":"https:\/\/fincaduernas.com\/wp-content\/uploads\/2022\/09\/finca-duernas-logo.svg","contentUrl":"https:\/\/fincaduernas.com\/wp-content\/uploads\/2022\/09\/finca-duernas-logo.svg","width":123,"height":31,"caption":"Finca Duernas"},"image":{"@id":"https:\/\/fincaduernas.com\/#\/schema\/logo\/image\/"}}]}},"_links":{"self":[{"href":"https:\/\/fincaduernas.com\/en\/wp-json\/wp\/v2\/product\/2797","targetHints":{"allow":["GET"]}}],"collection":[{"href":"https:\/\/fincaduernas.com\/en\/wp-json\/wp\/v2\/product"}],"about":[{"href":"https:\/\/fincaduernas.com\/en\/wp-json\/wp\/v2\/types\/product"}],"wp:featuredmedia":[{"embeddable":true,"href":"https:\/\/fincaduernas.com\/en\/wp-json\/wp\/v2\/media\/2644"}],"wp:attachment":[{"href":"https:\/\/fincaduernas.com\/en\/wp-json\/wp\/v2\/media?parent=2797"}],"wp:term":[{"taxonomy":"product_brand","embeddable":true,"href":"https:\/\/fincaduernas.com\/en\/wp-json\/wp\/v2\/product_brand?post=2797"},{"taxonomy":"product_cat","embeddable":true,"href":"https:\/\/fincaduernas.com\/en\/wp-json\/wp\/v2\/product_cat?post=2797"},{"taxonomy":"product_tag","embeddable":true,"href":"https:\/\/fincaduernas.com\/en\/wp-json\/wp\/v2\/product_tag?post=2797"}],"curies":[{"name":"wp","href":"https:\/\/api.w.org\/{rel}","templated":true}]}}