{"id":2788,"date":"2023-05-29T11:17:52","date_gmt":"2023-05-29T11:17:52","guid":{"rendered":"https:\/\/fincaduernas.com\/?post_type=product&#038;p=2788"},"modified":"2024-10-10T12:31:48","modified_gmt":"2024-10-10T12:31:48","slug":"estuche-duernas-origen-sin-filtrar-y-ecologico-2x500","status":"publish","type":"product","link":"https:\/\/fincaduernas.com\/en\/product\/estuche-duernas-origen-sin-filtrar-y-ecologico-2x500","title":{"rendered":"Estuche Duernas Origen Sin Filtrar y Ecol\u00f3gico-  2&#215;500"},"content":{"rendered":"<p>Estuche Duernas Origen que incluye una botella sin filtrar y otra de ecol\u00f3gico de 500 ml. Un regalo perfecto para cualquier ocasi\u00f3n.<\/p>\n<p>Finca Duernas ha elegido el momento clave de maduraci\u00f3n del fruto, el envero: que es la manifestaci\u00f3n m\u00e1s bella del cambio de la Naturaleza. Se trata de la evoluci\u00f3n del verde al p\u00farpura, mostrando su fuerza arom\u00e1tica y de sabor, junto a su mayor riqueza nutricional. Procede del lat\u00edn in-variare, en momento de cambio, y se consideraba ya durante el imperio, el mejor aceite que el \u00e1rbol sagrado pod\u00eda ofrecer.<\/p>\n<p>Queremos que Duernas Origen nos transporte a los olivares de la B\u00e9tica romana, donde la fresca hierba vest\u00eda la tierra, y la fauna ejerc\u00eda el equilibrio preciso, sin que fuese necesaria la excesiva intervenci\u00f3n humana. As\u00ed es tal y como queremos nuestros campos.<\/p>\n<p>Se trata de una edici\u00f3n limitada, puesto que este zumo en rama es m\u00e1s delicado. Su fecha de consumo preferente no supera los 6 meses y puede que, en este tiempo, los restos de pulpa y piel se decanten en la parte baja de la botella. Este sensible virgen extra se debe de consumir siempre en fr\u00edo.<\/p>","protected":false},"excerpt":{"rendered":"<p>Estuche Duernas Origen que incluye las dos botellas de 500 ml. Un regalo perfecto para cualquier ocasi\u00f3n.<\/p>","protected":false},"featured_media":2789,"template":"","meta":[],"product_brand":[],"product_cat":[50,87,78],"product_tag":[],"class_list":{"0":"post-2788","1":"product","2":"type-product","3":"status-publish","4":"has-post-thumbnail","6":"product_cat-aceites-de-oliva-virgen-extra","7":"product_cat-duernas-origen","8":"product_cat-estuches","10":"first","11":"outofstock","12":"taxable","13":"shipping-taxable","14":"purchasable","15":"product-type-variable"},"yoast_head":"<!-- This site is optimized with the Yoast SEO plugin v26.9 - https:\/\/yoast.com\/product\/yoast-seo-wordpress\/ -->\n<title>Estuche Duernas Origen Sin Filtrar y Ecol\u00f3gico- 2x500 - Finca Duernas<\/title>\n<meta name=\"robots\" content=\"index, follow, max-snippet:-1, max-image-preview:large, max-video-preview:-1\" \/>\n<link rel=\"canonical\" href=\"https:\/\/fincaduernas.com\/en\/product\/estuche-duernas-origen-sin-filtrar-y-ecologico-2x500\/\" \/>\n<meta property=\"og:locale\" content=\"en_GB\" \/>\n<meta property=\"og:type\" content=\"article\" \/>\n<meta property=\"og:title\" content=\"Estuche Duernas Origen Sin Filtrar y Ecol\u00f3gico- 2x500 - Finca Duernas\" \/>\n<meta property=\"og:description\" content=\"Estuche Duernas Origen que incluye las dos botellas de 500 ml. Un regalo perfecto para cualquier ocasi\u00f3n.\" \/>\n<meta property=\"og:url\" content=\"https:\/\/fincaduernas.com\/en\/product\/estuche-duernas-origen-sin-filtrar-y-ecologico-2x500\/\" \/>\n<meta property=\"og:site_name\" content=\"Finca Duernas\" \/>\n<meta property=\"article:modified_time\" content=\"2024-10-10T12:31:48+00:00\" \/>\n<meta property=\"og:image\" content=\"https:\/\/fincaduernas.com\/wp-content\/uploads\/2023\/05\/finca-duernas-estuche-origen-sin-filtrar-ecologico.webp\" \/>\n\t<meta property=\"og:image:width\" content=\"1500\" \/>\n\t<meta property=\"og:image:height\" content=\"1500\" \/>\n\t<meta property=\"og:image:type\" content=\"image\/webp\" \/>\n<meta name=\"twitter:card\" content=\"summary_large_image\" \/>\n<meta name=\"twitter:label1\" content=\"Estimated reading time\" \/>\n\t<meta name=\"twitter:data1\" content=\"1 minute\" \/>\n<script type=\"application\/ld+json\" class=\"yoast-schema-graph\">{\"@context\":\"https:\/\/schema.org\",\"@graph\":[{\"@type\":\"WebPage\",\"@id\":\"https:\/\/fincaduernas.com\/producto\/estuche-duernas-origen-sin-filtrar-y-ecologico-2x500\",\"url\":\"https:\/\/fincaduernas.com\/producto\/estuche-duernas-origen-sin-filtrar-y-ecologico-2x500\",\"name\":\"Estuche Duernas Origen Sin Filtrar y Ecol\u00f3gico- 2x500 - Finca Duernas\",\"isPartOf\":{\"@id\":\"https:\/\/fincaduernas.com\/#website\"},\"primaryImageOfPage\":{\"@id\":\"https:\/\/fincaduernas.com\/producto\/estuche-duernas-origen-sin-filtrar-y-ecologico-2x500#primaryimage\"},\"image\":{\"@id\":\"https:\/\/fincaduernas.com\/producto\/estuche-duernas-origen-sin-filtrar-y-ecologico-2x500#primaryimage\"},\"thumbnailUrl\":\"https:\/\/fincaduernas.com\/wp-content\/uploads\/2023\/05\/finca-duernas-estuche-origen-sin-filtrar-ecologico.webp\",\"datePublished\":\"2023-05-29T11:17:52+00:00\",\"dateModified\":\"2024-10-10T12:31:48+00:00\",\"breadcrumb\":{\"@id\":\"https:\/\/fincaduernas.com\/producto\/estuche-duernas-origen-sin-filtrar-y-ecologico-2x500#breadcrumb\"},\"inLanguage\":\"en-GB\",\"potentialAction\":[{\"@type\":\"ReadAction\",\"target\":[\"https:\/\/fincaduernas.com\/producto\/estuche-duernas-origen-sin-filtrar-y-ecologico-2x500\"]}]},{\"@type\":\"ImageObject\",\"inLanguage\":\"en-GB\",\"@id\":\"https:\/\/fincaduernas.com\/producto\/estuche-duernas-origen-sin-filtrar-y-ecologico-2x500#primaryimage\",\"url\":\"https:\/\/fincaduernas.com\/wp-content\/uploads\/2023\/05\/finca-duernas-estuche-origen-sin-filtrar-ecologico.webp\",\"contentUrl\":\"https:\/\/fincaduernas.com\/wp-content\/uploads\/2023\/05\/finca-duernas-estuche-origen-sin-filtrar-ecologico.webp\",\"width\":1500,\"height\":1500},{\"@type\":\"BreadcrumbList\",\"@id\":\"https:\/\/fincaduernas.com\/producto\/estuche-duernas-origen-sin-filtrar-y-ecologico-2x500#breadcrumb\",\"itemListElement\":[{\"@type\":\"ListItem\",\"position\":1,\"name\":\"Portada\",\"item\":\"https:\/\/fincaduernas.com\/\"},{\"@type\":\"ListItem\",\"position\":2,\"name\":\"Tienda\",\"item\":\"https:\/\/fincaduernas.com\/tienda\"},{\"@type\":\"ListItem\",\"position\":3,\"name\":\"Estuche Duernas Origen Sin Filtrar y Ecol\u00f3gico- 2&#215;500\"}]},{\"@type\":\"WebSite\",\"@id\":\"https:\/\/fincaduernas.com\/#website\",\"url\":\"https:\/\/fincaduernas.com\/\",\"name\":\"Finca Duernas\",\"description\":\"Aceite de Oliva Virgen Extra\",\"publisher\":{\"@id\":\"https:\/\/fincaduernas.com\/#organization\"},\"potentialAction\":[{\"@type\":\"SearchAction\",\"target\":{\"@type\":\"EntryPoint\",\"urlTemplate\":\"https:\/\/fincaduernas.com\/?s={search_term_string}\"},\"query-input\":{\"@type\":\"PropertyValueSpecification\",\"valueRequired\":true,\"valueName\":\"search_term_string\"}}],\"inLanguage\":\"en-GB\"},{\"@type\":\"Organization\",\"@id\":\"https:\/\/fincaduernas.com\/#organization\",\"name\":\"Finca Duernas\",\"url\":\"https:\/\/fincaduernas.com\/\",\"logo\":{\"@type\":\"ImageObject\",\"inLanguage\":\"en-GB\",\"@id\":\"https:\/\/fincaduernas.com\/#\/schema\/logo\/image\/\",\"url\":\"https:\/\/fincaduernas.com\/wp-content\/uploads\/2022\/09\/finca-duernas-logo.svg\",\"contentUrl\":\"https:\/\/fincaduernas.com\/wp-content\/uploads\/2022\/09\/finca-duernas-logo.svg\",\"width\":123,\"height\":31,\"caption\":\"Finca Duernas\"},\"image\":{\"@id\":\"https:\/\/fincaduernas.com\/#\/schema\/logo\/image\/\"}}]}<\/script>\n<!-- \/ Yoast SEO plugin. -->","yoast_head_json":{"title":"Estuche Duernas Origen Sin Filtrar y Ecol\u00f3gico- 2x500 - Finca Duernas","robots":{"index":"index","follow":"follow","max-snippet":"max-snippet:-1","max-image-preview":"max-image-preview:large","max-video-preview":"max-video-preview:-1"},"canonical":"https:\/\/fincaduernas.com\/en\/product\/estuche-duernas-origen-sin-filtrar-y-ecologico-2x500\/","og_locale":"en_GB","og_type":"article","og_title":"Estuche Duernas Origen Sin Filtrar y Ecol\u00f3gico- 2x500 - Finca Duernas","og_description":"Estuche Duernas Origen que incluye las dos botellas de 500 ml. Un regalo perfecto para cualquier ocasi\u00f3n.","og_url":"https:\/\/fincaduernas.com\/en\/product\/estuche-duernas-origen-sin-filtrar-y-ecologico-2x500\/","og_site_name":"Finca Duernas","article_modified_time":"2024-10-10T12:31:48+00:00","og_image":[{"width":1500,"height":1500,"url":"https:\/\/fincaduernas.com\/wp-content\/uploads\/2023\/05\/finca-duernas-estuche-origen-sin-filtrar-ecologico.webp","type":"image\/webp"}],"twitter_card":"summary_large_image","twitter_misc":{"Estimated reading time":"1 minute"},"schema":{"@context":"https:\/\/schema.org","@graph":[{"@type":"WebPage","@id":"https:\/\/fincaduernas.com\/producto\/estuche-duernas-origen-sin-filtrar-y-ecologico-2x500","url":"https:\/\/fincaduernas.com\/producto\/estuche-duernas-origen-sin-filtrar-y-ecologico-2x500","name":"Estuche Duernas Origen Sin Filtrar y Ecol\u00f3gico- 2x500 - Finca Duernas","isPartOf":{"@id":"https:\/\/fincaduernas.com\/#website"},"primaryImageOfPage":{"@id":"https:\/\/fincaduernas.com\/producto\/estuche-duernas-origen-sin-filtrar-y-ecologico-2x500#primaryimage"},"image":{"@id":"https:\/\/fincaduernas.com\/producto\/estuche-duernas-origen-sin-filtrar-y-ecologico-2x500#primaryimage"},"thumbnailUrl":"https:\/\/fincaduernas.com\/wp-content\/uploads\/2023\/05\/finca-duernas-estuche-origen-sin-filtrar-ecologico.webp","datePublished":"2023-05-29T11:17:52+00:00","dateModified":"2024-10-10T12:31:48+00:00","breadcrumb":{"@id":"https:\/\/fincaduernas.com\/producto\/estuche-duernas-origen-sin-filtrar-y-ecologico-2x500#breadcrumb"},"inLanguage":"en-GB","potentialAction":[{"@type":"ReadAction","target":["https:\/\/fincaduernas.com\/producto\/estuche-duernas-origen-sin-filtrar-y-ecologico-2x500"]}]},{"@type":"ImageObject","inLanguage":"en-GB","@id":"https:\/\/fincaduernas.com\/producto\/estuche-duernas-origen-sin-filtrar-y-ecologico-2x500#primaryimage","url":"https:\/\/fincaduernas.com\/wp-content\/uploads\/2023\/05\/finca-duernas-estuche-origen-sin-filtrar-ecologico.webp","contentUrl":"https:\/\/fincaduernas.com\/wp-content\/uploads\/2023\/05\/finca-duernas-estuche-origen-sin-filtrar-ecologico.webp","width":1500,"height":1500},{"@type":"BreadcrumbList","@id":"https:\/\/fincaduernas.com\/producto\/estuche-duernas-origen-sin-filtrar-y-ecologico-2x500#breadcrumb","itemListElement":[{"@type":"ListItem","position":1,"name":"Portada","item":"https:\/\/fincaduernas.com\/"},{"@type":"ListItem","position":2,"name":"Tienda","item":"https:\/\/fincaduernas.com\/tienda"},{"@type":"ListItem","position":3,"name":"Estuche Duernas Origen Sin Filtrar y Ecol\u00f3gico- 2&#215;500"}]},{"@type":"WebSite","@id":"https:\/\/fincaduernas.com\/#website","url":"https:\/\/fincaduernas.com\/","name":"Finca Duernas","description":"Aceite de Oliva Virgen Extra","publisher":{"@id":"https:\/\/fincaduernas.com\/#organization"},"potentialAction":[{"@type":"SearchAction","target":{"@type":"EntryPoint","urlTemplate":"https:\/\/fincaduernas.com\/?s={search_term_string}"},"query-input":{"@type":"PropertyValueSpecification","valueRequired":true,"valueName":"search_term_string"}}],"inLanguage":"en-GB"},{"@type":"Organization","@id":"https:\/\/fincaduernas.com\/#organization","name":"Finca Duernas","url":"https:\/\/fincaduernas.com\/","logo":{"@type":"ImageObject","inLanguage":"en-GB","@id":"https:\/\/fincaduernas.com\/#\/schema\/logo\/image\/","url":"https:\/\/fincaduernas.com\/wp-content\/uploads\/2022\/09\/finca-duernas-logo.svg","contentUrl":"https:\/\/fincaduernas.com\/wp-content\/uploads\/2022\/09\/finca-duernas-logo.svg","width":123,"height":31,"caption":"Finca Duernas"},"image":{"@id":"https:\/\/fincaduernas.com\/#\/schema\/logo\/image\/"}}]}},"_links":{"self":[{"href":"https:\/\/fincaduernas.com\/en\/wp-json\/wp\/v2\/product\/2788","targetHints":{"allow":["GET"]}}],"collection":[{"href":"https:\/\/fincaduernas.com\/en\/wp-json\/wp\/v2\/product"}],"about":[{"href":"https:\/\/fincaduernas.com\/en\/wp-json\/wp\/v2\/types\/product"}],"wp:featuredmedia":[{"embeddable":true,"href":"https:\/\/fincaduernas.com\/en\/wp-json\/wp\/v2\/media\/2789"}],"wp:attachment":[{"href":"https:\/\/fincaduernas.com\/en\/wp-json\/wp\/v2\/media?parent=2788"}],"wp:term":[{"taxonomy":"product_brand","embeddable":true,"href":"https:\/\/fincaduernas.com\/en\/wp-json\/wp\/v2\/product_brand?post=2788"},{"taxonomy":"product_cat","embeddable":true,"href":"https:\/\/fincaduernas.com\/en\/wp-json\/wp\/v2\/product_cat?post=2788"},{"taxonomy":"product_tag","embeddable":true,"href":"https:\/\/fincaduernas.com\/en\/wp-json\/wp\/v2\/product_tag?post=2788"}],"curies":[{"name":"wp","href":"https:\/\/api.w.org\/{rel}","templated":true}]}}