{"id":2565,"date":"2023-05-22T12:14:39","date_gmt":"2023-05-22T12:14:39","guid":{"rendered":"https:\/\/fincaduernas.com\/?post_type=product&#038;p=2565"},"modified":"2024-10-01T17:08:16","modified_gmt":"2024-10-01T17:08:16","slug":"almendra-espanola-frita-con-sal-duernas-origen","status":"publish","type":"product","link":"https:\/\/fincaduernas.com\/en\/product\/almendra-espanola-frita-con-sal-duernas-origen","title":{"rendered":"Duernas Origen Almond -  Roasted and salted with olive oil"},"content":{"rendered":"<p>History relates that it was the love of a caliph \u2013 Abd al-Rahman III- for his wife Azahara that first brought almond trees to Cordoba. Azahara was from Granada and pined for the sight of snow on the mountain peaks of her native land. e caliph ordered almond trees to be planted in the palace gardens, so their dazzling white blossoms would remind Azahara of home and\nease her sadness.\ne cordobese countryside is ideally suited to growing both olive and almond trees and the crucial role played by our collaborators, bees, over the centuries, in increasing production, is more than evident. Duernas\u2019 Spanish almonds have a delicious sweet taste and as any natural product at its origin whole host of nutritional benefits such as essential fatty acids,\nvitamins, proteins and fiber.<\/p>","protected":false},"excerpt":{"rendered":"<p>History relates that it was the love of a caliph \u2013 Abd al-Rahman III- for his wife Azahara that first brought almond trees to Cordoba. Azahara was from Granada and pined for the sight of snow on the mountain peaks of her native land. e caliph ordered almond trees to be planted in the palace gardens, so their dazzling white blossoms would remind Azahara of home and\nease her sadness.\ne cordobese countryside is ideally suited to growing both olive and almond trees and the crucial role played by our collaborators, bees, over the centuries, in increasing production, is more than evident. Duernas\u2019 Spanish almonds have a delicious sweet taste and as any natural product at its origin whole host of nutritional benefits such as essential fatty acids,\nvitamins, proteins and fiber.<\/p>","protected":false},"featured_media":2561,"template":"","meta":[],"product_brand":[],"product_cat":[87,90],"product_tag":[],"class_list":{"0":"post-2565","1":"product","2":"type-product","3":"status-publish","4":"has-post-thumbnail","6":"product_cat-duernas-origen","7":"product_cat-otros-productos","9":"first","10":"outofstock","11":"taxable","12":"shipping-taxable","13":"purchasable","14":"product-type-simple"},"yoast_head":"<!-- This site is optimized with the Yoast SEO plugin v26.9 - https:\/\/yoast.com\/product\/yoast-seo-wordpress\/ -->\n<title>Almendra Espa\u00f1ola Frita con sal - Duernas Origen - Finca Duernas<\/title>\n<meta name=\"robots\" content=\"index, follow, max-snippet:-1, max-image-preview:large, max-video-preview:-1\" \/>\n<link rel=\"canonical\" href=\"https:\/\/fincaduernas.com\/en\/product\/almendra-espanola-frita-con-sal-duernas-origen\/\" \/>\n<meta property=\"og:locale\" content=\"en_GB\" \/>\n<meta property=\"og:type\" content=\"article\" \/>\n<meta property=\"og:title\" content=\"Almendra Espa\u00f1ola Frita con sal - Duernas Origen - Finca Duernas\" \/>\n<meta property=\"og:description\" content=\"Cuenta la historia que la primera aparici\u00f3n de los almendros en C\u00f3rdoba fue por el amor de un califa -Abderram\u00e1n III- a su mujer Azahara. Una granadina con verdadera nostalgia de la nieve de la sierra y que, gracias a la maravillosa floraci\u00f3n que tuvieron los almendros que el califa mand\u00f3 plantar en los jardines palaciegos, se aplac\u00f3 su tristeza. La campi\u00f1a cordobesa re\u00fane las condiciones \u00f3ptimas tanto para el olivo como para el almendro y en ambos podemos ver c\u00f3mo, a lo largo de los siglos, nos hemos apoyado en nuestras colaboradoras, las abejas, para que produzcan mejor. Tienen un agradable sabor dulce y al ser la reina de las almendra en su origen cuenta con multitud de beneficios nutricionales.\" \/>\n<meta property=\"og:url\" content=\"https:\/\/fincaduernas.com\/en\/product\/almendra-espanola-frita-con-sal-duernas-origen\/\" \/>\n<meta property=\"og:site_name\" content=\"Finca Duernas\" \/>\n<meta property=\"article:modified_time\" content=\"2024-10-01T17:08:16+00:00\" \/>\n<meta property=\"og:image\" content=\"https:\/\/fincaduernas.com\/wp-content\/uploads\/2023\/05\/duernas-origen-almendra-frita.webp\" \/>\n\t<meta property=\"og:image:width\" content=\"1500\" \/>\n\t<meta property=\"og:image:height\" content=\"1500\" \/>\n\t<meta property=\"og:image:type\" content=\"image\/webp\" \/>\n<meta name=\"twitter:card\" content=\"summary_large_image\" \/>\n<meta name=\"twitter:label1\" content=\"Estimated reading time\" \/>\n\t<meta name=\"twitter:data1\" content=\"1 minute\" \/>\n<script type=\"application\/ld+json\" class=\"yoast-schema-graph\">{\"@context\":\"https:\/\/schema.org\",\"@graph\":[{\"@type\":\"WebPage\",\"@id\":\"https:\/\/fincaduernas.com\/producto\/almendra-espanola-frita-con-sal-duernas-origen\",\"url\":\"https:\/\/fincaduernas.com\/producto\/almendra-espanola-frita-con-sal-duernas-origen\",\"name\":\"Almendra Espa\u00f1ola Frita con sal - Duernas Origen - Finca Duernas\",\"isPartOf\":{\"@id\":\"https:\/\/fincaduernas.com\/#website\"},\"primaryImageOfPage\":{\"@id\":\"https:\/\/fincaduernas.com\/producto\/almendra-espanola-frita-con-sal-duernas-origen#primaryimage\"},\"image\":{\"@id\":\"https:\/\/fincaduernas.com\/producto\/almendra-espanola-frita-con-sal-duernas-origen#primaryimage\"},\"thumbnailUrl\":\"https:\/\/fincaduernas.com\/wp-content\/uploads\/2023\/05\/duernas-origen-almendra-frita.webp\",\"datePublished\":\"2023-05-22T12:14:39+00:00\",\"dateModified\":\"2024-10-01T17:08:16+00:00\",\"breadcrumb\":{\"@id\":\"https:\/\/fincaduernas.com\/producto\/almendra-espanola-frita-con-sal-duernas-origen#breadcrumb\"},\"inLanguage\":\"en-GB\",\"potentialAction\":[{\"@type\":\"ReadAction\",\"target\":[\"https:\/\/fincaduernas.com\/producto\/almendra-espanola-frita-con-sal-duernas-origen\"]}]},{\"@type\":\"ImageObject\",\"inLanguage\":\"en-GB\",\"@id\":\"https:\/\/fincaduernas.com\/producto\/almendra-espanola-frita-con-sal-duernas-origen#primaryimage\",\"url\":\"https:\/\/fincaduernas.com\/wp-content\/uploads\/2023\/05\/duernas-origen-almendra-frita.webp\",\"contentUrl\":\"https:\/\/fincaduernas.com\/wp-content\/uploads\/2023\/05\/duernas-origen-almendra-frita.webp\",\"width\":1500,\"height\":1500},{\"@type\":\"BreadcrumbList\",\"@id\":\"https:\/\/fincaduernas.com\/producto\/almendra-espanola-frita-con-sal-duernas-origen#breadcrumb\",\"itemListElement\":[{\"@type\":\"ListItem\",\"position\":1,\"name\":\"Portada\",\"item\":\"https:\/\/fincaduernas.com\/\"},{\"@type\":\"ListItem\",\"position\":2,\"name\":\"Tienda\",\"item\":\"https:\/\/fincaduernas.com\/tienda\"},{\"@type\":\"ListItem\",\"position\":3,\"name\":\"Almendra Espa\u00f1ola Frita con sal &#8211; Duernas Origen\"}]},{\"@type\":\"WebSite\",\"@id\":\"https:\/\/fincaduernas.com\/#website\",\"url\":\"https:\/\/fincaduernas.com\/\",\"name\":\"Finca Duernas\",\"description\":\"Aceite de Oliva Virgen Extra\",\"publisher\":{\"@id\":\"https:\/\/fincaduernas.com\/#organization\"},\"potentialAction\":[{\"@type\":\"SearchAction\",\"target\":{\"@type\":\"EntryPoint\",\"urlTemplate\":\"https:\/\/fincaduernas.com\/?s={search_term_string}\"},\"query-input\":{\"@type\":\"PropertyValueSpecification\",\"valueRequired\":true,\"valueName\":\"search_term_string\"}}],\"inLanguage\":\"en-GB\"},{\"@type\":\"Organization\",\"@id\":\"https:\/\/fincaduernas.com\/#organization\",\"name\":\"Finca Duernas\",\"url\":\"https:\/\/fincaduernas.com\/\",\"logo\":{\"@type\":\"ImageObject\",\"inLanguage\":\"en-GB\",\"@id\":\"https:\/\/fincaduernas.com\/#\/schema\/logo\/image\/\",\"url\":\"https:\/\/fincaduernas.com\/wp-content\/uploads\/2022\/09\/finca-duernas-logo.svg\",\"contentUrl\":\"https:\/\/fincaduernas.com\/wp-content\/uploads\/2022\/09\/finca-duernas-logo.svg\",\"width\":123,\"height\":31,\"caption\":\"Finca Duernas\"},\"image\":{\"@id\":\"https:\/\/fincaduernas.com\/#\/schema\/logo\/image\/\"}}]}<\/script>\n<!-- \/ Yoast SEO plugin. -->","yoast_head_json":{"title":"Almendra Espa\u00f1ola Frita con sal - Duernas Origen - Finca Duernas","robots":{"index":"index","follow":"follow","max-snippet":"max-snippet:-1","max-image-preview":"max-image-preview:large","max-video-preview":"max-video-preview:-1"},"canonical":"https:\/\/fincaduernas.com\/en\/product\/almendra-espanola-frita-con-sal-duernas-origen\/","og_locale":"en_GB","og_type":"article","og_title":"Almendra Espa\u00f1ola Frita con sal - Duernas Origen - Finca Duernas","og_description":"Cuenta la historia que la primera aparici\u00f3n de los almendros en C\u00f3rdoba fue por el amor de un califa -Abderram\u00e1n III- a su mujer Azahara. Una granadina con verdadera nostalgia de la nieve de la sierra y que, gracias a la maravillosa floraci\u00f3n que tuvieron los almendros que el califa mand\u00f3 plantar en los jardines palaciegos, se aplac\u00f3 su tristeza. La campi\u00f1a cordobesa re\u00fane las condiciones \u00f3ptimas tanto para el olivo como para el almendro y en ambos podemos ver c\u00f3mo, a lo largo de los siglos, nos hemos apoyado en nuestras colaboradoras, las abejas, para que produzcan mejor. Tienen un agradable sabor dulce y al ser la reina de las almendra en su origen cuenta con multitud de beneficios nutricionales.","og_url":"https:\/\/fincaduernas.com\/en\/product\/almendra-espanola-frita-con-sal-duernas-origen\/","og_site_name":"Finca Duernas","article_modified_time":"2024-10-01T17:08:16+00:00","og_image":[{"width":1500,"height":1500,"url":"https:\/\/fincaduernas.com\/wp-content\/uploads\/2023\/05\/duernas-origen-almendra-frita.webp","type":"image\/webp"}],"twitter_card":"summary_large_image","twitter_misc":{"Estimated reading time":"1 minute"},"schema":{"@context":"https:\/\/schema.org","@graph":[{"@type":"WebPage","@id":"https:\/\/fincaduernas.com\/producto\/almendra-espanola-frita-con-sal-duernas-origen","url":"https:\/\/fincaduernas.com\/producto\/almendra-espanola-frita-con-sal-duernas-origen","name":"Almendra Espa\u00f1ola Frita con sal - Duernas Origen - Finca Duernas","isPartOf":{"@id":"https:\/\/fincaduernas.com\/#website"},"primaryImageOfPage":{"@id":"https:\/\/fincaduernas.com\/producto\/almendra-espanola-frita-con-sal-duernas-origen#primaryimage"},"image":{"@id":"https:\/\/fincaduernas.com\/producto\/almendra-espanola-frita-con-sal-duernas-origen#primaryimage"},"thumbnailUrl":"https:\/\/fincaduernas.com\/wp-content\/uploads\/2023\/05\/duernas-origen-almendra-frita.webp","datePublished":"2023-05-22T12:14:39+00:00","dateModified":"2024-10-01T17:08:16+00:00","breadcrumb":{"@id":"https:\/\/fincaduernas.com\/producto\/almendra-espanola-frita-con-sal-duernas-origen#breadcrumb"},"inLanguage":"en-GB","potentialAction":[{"@type":"ReadAction","target":["https:\/\/fincaduernas.com\/producto\/almendra-espanola-frita-con-sal-duernas-origen"]}]},{"@type":"ImageObject","inLanguage":"en-GB","@id":"https:\/\/fincaduernas.com\/producto\/almendra-espanola-frita-con-sal-duernas-origen#primaryimage","url":"https:\/\/fincaduernas.com\/wp-content\/uploads\/2023\/05\/duernas-origen-almendra-frita.webp","contentUrl":"https:\/\/fincaduernas.com\/wp-content\/uploads\/2023\/05\/duernas-origen-almendra-frita.webp","width":1500,"height":1500},{"@type":"BreadcrumbList","@id":"https:\/\/fincaduernas.com\/producto\/almendra-espanola-frita-con-sal-duernas-origen#breadcrumb","itemListElement":[{"@type":"ListItem","position":1,"name":"Portada","item":"https:\/\/fincaduernas.com\/"},{"@type":"ListItem","position":2,"name":"Tienda","item":"https:\/\/fincaduernas.com\/tienda"},{"@type":"ListItem","position":3,"name":"Almendra Espa\u00f1ola Frita con sal &#8211; Duernas Origen"}]},{"@type":"WebSite","@id":"https:\/\/fincaduernas.com\/#website","url":"https:\/\/fincaduernas.com\/","name":"Finca Duernas","description":"Aceite de Oliva Virgen Extra","publisher":{"@id":"https:\/\/fincaduernas.com\/#organization"},"potentialAction":[{"@type":"SearchAction","target":{"@type":"EntryPoint","urlTemplate":"https:\/\/fincaduernas.com\/?s={search_term_string}"},"query-input":{"@type":"PropertyValueSpecification","valueRequired":true,"valueName":"search_term_string"}}],"inLanguage":"en-GB"},{"@type":"Organization","@id":"https:\/\/fincaduernas.com\/#organization","name":"Finca Duernas","url":"https:\/\/fincaduernas.com\/","logo":{"@type":"ImageObject","inLanguage":"en-GB","@id":"https:\/\/fincaduernas.com\/#\/schema\/logo\/image\/","url":"https:\/\/fincaduernas.com\/wp-content\/uploads\/2022\/09\/finca-duernas-logo.svg","contentUrl":"https:\/\/fincaduernas.com\/wp-content\/uploads\/2022\/09\/finca-duernas-logo.svg","width":123,"height":31,"caption":"Finca Duernas"},"image":{"@id":"https:\/\/fincaduernas.com\/#\/schema\/logo\/image\/"}}]}},"_links":{"self":[{"href":"https:\/\/fincaduernas.com\/en\/wp-json\/wp\/v2\/product\/2565","targetHints":{"allow":["GET"]}}],"collection":[{"href":"https:\/\/fincaduernas.com\/en\/wp-json\/wp\/v2\/product"}],"about":[{"href":"https:\/\/fincaduernas.com\/en\/wp-json\/wp\/v2\/types\/product"}],"wp:featuredmedia":[{"embeddable":true,"href":"https:\/\/fincaduernas.com\/en\/wp-json\/wp\/v2\/media\/2561"}],"wp:attachment":[{"href":"https:\/\/fincaduernas.com\/en\/wp-json\/wp\/v2\/media?parent=2565"}],"wp:term":[{"taxonomy":"product_brand","embeddable":true,"href":"https:\/\/fincaduernas.com\/en\/wp-json\/wp\/v2\/product_brand?post=2565"},{"taxonomy":"product_cat","embeddable":true,"href":"https:\/\/fincaduernas.com\/en\/wp-json\/wp\/v2\/product_cat?post=2565"},{"taxonomy":"product_tag","embeddable":true,"href":"https:\/\/fincaduernas.com\/en\/wp-json\/wp\/v2\/product_tag?post=2565"}],"curies":[{"name":"wp","href":"https:\/\/api.w.org\/{rel}","templated":true}]}}