{"id":2563,"date":"2023-05-22T12:12:49","date_gmt":"2023-05-22T12:12:49","guid":{"rendered":"https:\/\/fincaduernas.com\/?post_type=product&#038;p=2563"},"modified":"2024-10-01T17:08:02","modified_gmt":"2024-10-01T17:08:02","slug":"miel-duernas-origen","status":"publish","type":"product","link":"https:\/\/fincaduernas.com\/en\/product\/miel-duernas-origen","title":{"rendered":"Duernas Origen Honey - Sunflower honey"},"content":{"rendered":"<p>In spring Duernas is a riot of flowers, combining\nthe inflorescences of the olive tree and the\nsunflowers, which are traditionally planted on the plains of the finca.at is where the hives are\nlocated, and have been, year after year, for\ngenerations, so the bees can have their fill of the abundant pollen.e bees also assist the olive trees with their productive duties, playing an active part in increasing the yield.\ne wise beekeepers grant us with pots of\nrusset-coloured honey with delicate floral aromas, caressing the palate softly. It is also replete with countless nutritional benefits, as befits products with a clearly natural origin.<\/p>","protected":false},"excerpt":{"rendered":"<p>In spring Duernas is a riot of flowers, combining\nthe inflorescences of the olive tree and the\nsunflowers, which are traditionally planted on the plains of the finca.at is where the hives are\nlocated, and have been, year after year, for\ngenerations, so the bees can have their fill of the abundant pollen.e bees also assist the olive trees with their productive duties, playing an active part in increasing the yield.\ne wise beekeepers grant us with pots of\nrusset-coloured honey with delicate floral aromas, caressing the palate softly. It is also replete with countless nutritional benefits, as befits products with a clearly natural origin.<\/p>","protected":false},"featured_media":2562,"template":"","meta":[],"product_brand":[],"product_cat":[87,90],"product_tag":[],"class_list":{"0":"post-2563","1":"product","2":"type-product","3":"status-publish","4":"has-post-thumbnail","6":"product_cat-duernas-origen","7":"product_cat-otros-productos","9":"first","10":"outofstock","11":"taxable","12":"shipping-taxable","13":"purchasable","14":"product-type-simple"},"yoast_head":"<!-- This site is optimized with the Yoast SEO plugin v26.9 - https:\/\/yoast.com\/product\/yoast-seo-wordpress\/ -->\n<title>Miel - Duernas Origen - Finca Duernas<\/title>\n<meta name=\"robots\" content=\"index, follow, max-snippet:-1, max-image-preview:large, max-video-preview:-1\" \/>\n<link rel=\"canonical\" href=\"https:\/\/fincaduernas.com\/en\/product\/miel-duernas-origen\/\" \/>\n<meta property=\"og:locale\" content=\"en_GB\" \/>\n<meta property=\"og:type\" content=\"article\" \/>\n<meta property=\"og:title\" content=\"Miel - Duernas Origen - Finca Duernas\" \/>\n<meta property=\"og:description\" content=\"Duernas en primavera es un vergel de flores, entre la trama del olivo y los girasoles que, tradicionalmente, se siembran en las planicies de la finca. Es all\u00ed donde se sit\u00faan las colmenas,para que las abejas se aprovechen del nutrido polen. A su vez, las abejas ayudan a los olivos en su tarea productiva, mediante la polinizaci\u00f3n. Las varias generaciones de apicultores nos obsequian c\u00e1ntaras de miel rojiza con delicados aromas florales, que envuelven el paladar de manera suave. Adem\u00e1s esta miel aporta multitud de beneficios nutricionales, como es propio de los productos con un claro origen natural.\" \/>\n<meta property=\"og:url\" content=\"https:\/\/fincaduernas.com\/en\/product\/miel-duernas-origen\/\" \/>\n<meta property=\"og:site_name\" content=\"Finca Duernas\" \/>\n<meta property=\"article:modified_time\" content=\"2024-10-01T17:08:02+00:00\" \/>\n<meta property=\"og:image\" content=\"https:\/\/fincaduernas.com\/wp-content\/uploads\/2023\/05\/duernas-origen-miel.webp\" \/>\n\t<meta property=\"og:image:width\" content=\"1500\" \/>\n\t<meta property=\"og:image:height\" content=\"1500\" \/>\n\t<meta property=\"og:image:type\" content=\"image\/webp\" \/>\n<meta name=\"twitter:card\" content=\"summary_large_image\" \/>\n<meta name=\"twitter:label1\" content=\"Estimated reading time\" \/>\n\t<meta name=\"twitter:data1\" content=\"1 minute\" \/>\n<script type=\"application\/ld+json\" class=\"yoast-schema-graph\">{\"@context\":\"https:\/\/schema.org\",\"@graph\":[{\"@type\":\"WebPage\",\"@id\":\"https:\/\/fincaduernas.com\/producto\/miel-duernas-origen\",\"url\":\"https:\/\/fincaduernas.com\/producto\/miel-duernas-origen\",\"name\":\"Miel - Duernas Origen - Finca Duernas\",\"isPartOf\":{\"@id\":\"https:\/\/fincaduernas.com\/#website\"},\"primaryImageOfPage\":{\"@id\":\"https:\/\/fincaduernas.com\/producto\/miel-duernas-origen#primaryimage\"},\"image\":{\"@id\":\"https:\/\/fincaduernas.com\/producto\/miel-duernas-origen#primaryimage\"},\"thumbnailUrl\":\"https:\/\/fincaduernas.com\/wp-content\/uploads\/2023\/05\/duernas-origen-miel.webp\",\"datePublished\":\"2023-05-22T12:12:49+00:00\",\"dateModified\":\"2024-10-01T17:08:02+00:00\",\"breadcrumb\":{\"@id\":\"https:\/\/fincaduernas.com\/producto\/miel-duernas-origen#breadcrumb\"},\"inLanguage\":\"en-GB\",\"potentialAction\":[{\"@type\":\"ReadAction\",\"target\":[\"https:\/\/fincaduernas.com\/producto\/miel-duernas-origen\"]}]},{\"@type\":\"ImageObject\",\"inLanguage\":\"en-GB\",\"@id\":\"https:\/\/fincaduernas.com\/producto\/miel-duernas-origen#primaryimage\",\"url\":\"https:\/\/fincaduernas.com\/wp-content\/uploads\/2023\/05\/duernas-origen-miel.webp\",\"contentUrl\":\"https:\/\/fincaduernas.com\/wp-content\/uploads\/2023\/05\/duernas-origen-miel.webp\",\"width\":1500,\"height\":1500},{\"@type\":\"BreadcrumbList\",\"@id\":\"https:\/\/fincaduernas.com\/producto\/miel-duernas-origen#breadcrumb\",\"itemListElement\":[{\"@type\":\"ListItem\",\"position\":1,\"name\":\"Portada\",\"item\":\"https:\/\/fincaduernas.com\/\"},{\"@type\":\"ListItem\",\"position\":2,\"name\":\"Tienda\",\"item\":\"https:\/\/fincaduernas.com\/tienda\"},{\"@type\":\"ListItem\",\"position\":3,\"name\":\"Miel &#8211; Duernas Origen\"}]},{\"@type\":\"WebSite\",\"@id\":\"https:\/\/fincaduernas.com\/#website\",\"url\":\"https:\/\/fincaduernas.com\/\",\"name\":\"Finca Duernas\",\"description\":\"Aceite de Oliva Virgen Extra\",\"publisher\":{\"@id\":\"https:\/\/fincaduernas.com\/#organization\"},\"potentialAction\":[{\"@type\":\"SearchAction\",\"target\":{\"@type\":\"EntryPoint\",\"urlTemplate\":\"https:\/\/fincaduernas.com\/?s={search_term_string}\"},\"query-input\":{\"@type\":\"PropertyValueSpecification\",\"valueRequired\":true,\"valueName\":\"search_term_string\"}}],\"inLanguage\":\"en-GB\"},{\"@type\":\"Organization\",\"@id\":\"https:\/\/fincaduernas.com\/#organization\",\"name\":\"Finca Duernas\",\"url\":\"https:\/\/fincaduernas.com\/\",\"logo\":{\"@type\":\"ImageObject\",\"inLanguage\":\"en-GB\",\"@id\":\"https:\/\/fincaduernas.com\/#\/schema\/logo\/image\/\",\"url\":\"https:\/\/fincaduernas.com\/wp-content\/uploads\/2022\/09\/finca-duernas-logo.svg\",\"contentUrl\":\"https:\/\/fincaduernas.com\/wp-content\/uploads\/2022\/09\/finca-duernas-logo.svg\",\"width\":123,\"height\":31,\"caption\":\"Finca Duernas\"},\"image\":{\"@id\":\"https:\/\/fincaduernas.com\/#\/schema\/logo\/image\/\"}}]}<\/script>\n<!-- \/ Yoast SEO plugin. -->","yoast_head_json":{"title":"Miel - Duernas Origen - Finca Duernas","robots":{"index":"index","follow":"follow","max-snippet":"max-snippet:-1","max-image-preview":"max-image-preview:large","max-video-preview":"max-video-preview:-1"},"canonical":"https:\/\/fincaduernas.com\/en\/product\/miel-duernas-origen\/","og_locale":"en_GB","og_type":"article","og_title":"Miel - Duernas Origen - Finca Duernas","og_description":"Duernas en primavera es un vergel de flores, entre la trama del olivo y los girasoles que, tradicionalmente, se siembran en las planicies de la finca. Es all\u00ed donde se sit\u00faan las colmenas,para que las abejas se aprovechen del nutrido polen. A su vez, las abejas ayudan a los olivos en su tarea productiva, mediante la polinizaci\u00f3n. Las varias generaciones de apicultores nos obsequian c\u00e1ntaras de miel rojiza con delicados aromas florales, que envuelven el paladar de manera suave. Adem\u00e1s esta miel aporta multitud de beneficios nutricionales, como es propio de los productos con un claro origen natural.","og_url":"https:\/\/fincaduernas.com\/en\/product\/miel-duernas-origen\/","og_site_name":"Finca Duernas","article_modified_time":"2024-10-01T17:08:02+00:00","og_image":[{"width":1500,"height":1500,"url":"https:\/\/fincaduernas.com\/wp-content\/uploads\/2023\/05\/duernas-origen-miel.webp","type":"image\/webp"}],"twitter_card":"summary_large_image","twitter_misc":{"Estimated reading time":"1 minute"},"schema":{"@context":"https:\/\/schema.org","@graph":[{"@type":"WebPage","@id":"https:\/\/fincaduernas.com\/producto\/miel-duernas-origen","url":"https:\/\/fincaduernas.com\/producto\/miel-duernas-origen","name":"Miel - Duernas Origen - Finca Duernas","isPartOf":{"@id":"https:\/\/fincaduernas.com\/#website"},"primaryImageOfPage":{"@id":"https:\/\/fincaduernas.com\/producto\/miel-duernas-origen#primaryimage"},"image":{"@id":"https:\/\/fincaduernas.com\/producto\/miel-duernas-origen#primaryimage"},"thumbnailUrl":"https:\/\/fincaduernas.com\/wp-content\/uploads\/2023\/05\/duernas-origen-miel.webp","datePublished":"2023-05-22T12:12:49+00:00","dateModified":"2024-10-01T17:08:02+00:00","breadcrumb":{"@id":"https:\/\/fincaduernas.com\/producto\/miel-duernas-origen#breadcrumb"},"inLanguage":"en-GB","potentialAction":[{"@type":"ReadAction","target":["https:\/\/fincaduernas.com\/producto\/miel-duernas-origen"]}]},{"@type":"ImageObject","inLanguage":"en-GB","@id":"https:\/\/fincaduernas.com\/producto\/miel-duernas-origen#primaryimage","url":"https:\/\/fincaduernas.com\/wp-content\/uploads\/2023\/05\/duernas-origen-miel.webp","contentUrl":"https:\/\/fincaduernas.com\/wp-content\/uploads\/2023\/05\/duernas-origen-miel.webp","width":1500,"height":1500},{"@type":"BreadcrumbList","@id":"https:\/\/fincaduernas.com\/producto\/miel-duernas-origen#breadcrumb","itemListElement":[{"@type":"ListItem","position":1,"name":"Portada","item":"https:\/\/fincaduernas.com\/"},{"@type":"ListItem","position":2,"name":"Tienda","item":"https:\/\/fincaduernas.com\/tienda"},{"@type":"ListItem","position":3,"name":"Miel &#8211; Duernas Origen"}]},{"@type":"WebSite","@id":"https:\/\/fincaduernas.com\/#website","url":"https:\/\/fincaduernas.com\/","name":"Finca Duernas","description":"Aceite de Oliva Virgen Extra","publisher":{"@id":"https:\/\/fincaduernas.com\/#organization"},"potentialAction":[{"@type":"SearchAction","target":{"@type":"EntryPoint","urlTemplate":"https:\/\/fincaduernas.com\/?s={search_term_string}"},"query-input":{"@type":"PropertyValueSpecification","valueRequired":true,"valueName":"search_term_string"}}],"inLanguage":"en-GB"},{"@type":"Organization","@id":"https:\/\/fincaduernas.com\/#organization","name":"Finca Duernas","url":"https:\/\/fincaduernas.com\/","logo":{"@type":"ImageObject","inLanguage":"en-GB","@id":"https:\/\/fincaduernas.com\/#\/schema\/logo\/image\/","url":"https:\/\/fincaduernas.com\/wp-content\/uploads\/2022\/09\/finca-duernas-logo.svg","contentUrl":"https:\/\/fincaduernas.com\/wp-content\/uploads\/2022\/09\/finca-duernas-logo.svg","width":123,"height":31,"caption":"Finca Duernas"},"image":{"@id":"https:\/\/fincaduernas.com\/#\/schema\/logo\/image\/"}}]}},"_links":{"self":[{"href":"https:\/\/fincaduernas.com\/en\/wp-json\/wp\/v2\/product\/2563","targetHints":{"allow":["GET"]}}],"collection":[{"href":"https:\/\/fincaduernas.com\/en\/wp-json\/wp\/v2\/product"}],"about":[{"href":"https:\/\/fincaduernas.com\/en\/wp-json\/wp\/v2\/types\/product"}],"wp:featuredmedia":[{"embeddable":true,"href":"https:\/\/fincaduernas.com\/en\/wp-json\/wp\/v2\/media\/2562"}],"wp:attachment":[{"href":"https:\/\/fincaduernas.com\/en\/wp-json\/wp\/v2\/media?parent=2563"}],"wp:term":[{"taxonomy":"product_brand","embeddable":true,"href":"https:\/\/fincaduernas.com\/en\/wp-json\/wp\/v2\/product_brand?post=2563"},{"taxonomy":"product_cat","embeddable":true,"href":"https:\/\/fincaduernas.com\/en\/wp-json\/wp\/v2\/product_cat?post=2563"},{"taxonomy":"product_tag","embeddable":true,"href":"https:\/\/fincaduernas.com\/en\/wp-json\/wp\/v2\/product_tag?post=2563"}],"curies":[{"name":"wp","href":"https:\/\/api.w.org\/{rel}","templated":true}]}}