{"id":2558,"date":"2023-05-22T12:12:39","date_gmt":"2023-05-22T12:12:39","guid":{"rendered":"https:\/\/fincaduernas.com\/?post_type=product&#038;p=2558"},"modified":"2025-12-15T11:34:52","modified_gmt":"2025-12-15T11:34:52","slug":"sal-marina-de-manantial-duernas-origen","status":"publish","type":"product","link":"https:\/\/fincaduernas.com\/en\/product\/sal-marina-de-manantial-duernas-origen","title":{"rendered":"Duernas Origen Flower salt - Spring salt"},"content":{"rendered":"<p>For centuries, the Spring Salt of Duernas has been the most important ones of the whole Iberian Peninsula and they are considered to be an unique material and intangible human heritage in Europe.\nIts origin was the sea that, 350 million years ago, refused to leave Cordoba. eywere of an outstanding importance during the Roman\nEmpire and provided to the rest of the provinces.\ne purity of the Spring Salt is the highest and it has a clear advantage in comparison to sea salt because spring salt is not impacted my\nmicroplastic pollution present in ocean water. It is considered unique and very rare because it bubbles naturally from the earth where it is\ncollected in pools where evaporation occurs.\ne sun and the wind help to create the mineral-rich salt crystal that it is carefully collected by hand Flower of Salt at its origin, retaining the health-promoting minerals Nature provides such as like calcium, potassium, zinc, magnesium,\nvanadium, iodine, manganese, and iron as well as others.<\/p>","protected":false},"excerpt":{"rendered":"<p>For centuries, the Spring Salt of Duernas has been the most important ones of the whole Iberian Peninsula and they are considered to be an unique material and intangible human heritage in Europe.\nIts origin was the sea that, 350 million years ago, refused to leave Cordoba. eywere of an outstanding importance during the Roman\nEmpire and provided to the rest of the provinces.\ne purity of the Spring Salt is the highest and it has a clear advantage in comparison to sea salt because spring salt is not impacted my\nmicroplastic pollution present in ocean water. It is considered unique and very rare because it bubbles naturally from the earth where it is\ncollected in pools where evaporation occurs.\ne sun and the wind help to create the mineral-rich salt crystal that it is carefully collected by hand Flower of Salt at its origin, retaining the health-promoting minerals Nature provides such as like calcium, potassium, zinc, magnesium,\nvanadium, iodine, manganese, and iron as well as others.<\/p>","protected":false},"featured_media":2559,"template":"","meta":[],"product_brand":[],"product_cat":[87,90],"product_tag":[],"class_list":{"0":"post-2558","1":"product","2":"type-product","3":"status-publish","4":"has-post-thumbnail","6":"product_cat-duernas-origen","7":"product_cat-otros-productos","9":"first","10":"outofstock","11":"taxable","12":"shipping-taxable","13":"purchasable","14":"product-type-simple"},"yoast_head":"<!-- This site is optimized with the Yoast SEO plugin v26.9 - https:\/\/yoast.com\/product\/yoast-seo-wordpress\/ -->\n<title>Sal Marina de Manantial - Duernas Origen - Finca Duernas<\/title>\n<meta name=\"robots\" content=\"index, follow, max-snippet:-1, max-image-preview:large, max-video-preview:-1\" \/>\n<link rel=\"canonical\" href=\"https:\/\/fincaduernas.com\/en\/product\/sal-marina-de-manantial-duernas-origen\/\" \/>\n<meta property=\"og:locale\" content=\"en_GB\" \/>\n<meta property=\"og:type\" content=\"article\" \/>\n<meta property=\"og:title\" content=\"Sal Marina de Manantial - Duernas Origen - Finca Duernas\" \/>\n<meta property=\"og:description\" content=\"Durante siglos, las salinas de manantial de Duernas han sido las m\u00e1s importantes de la Pen\u00ednsula Ib\u00e9rica y son una aportaci\u00f3n \u00fanica al Patrimonio material e intangible de la Humanidad. Su origen es un mar de hace millones de a\u00f1os, que no quiso irse de C\u00f3rdoba. Fue durante el Imperio Romano cuando tuvieron su m\u00e1ximo explendor y suministraban al resto de las provincias patricias, siendo custodiadas militarmente como muestran los restos arqueol\u00f3gicos. La pureza de la sal de manantial es la m\u00e1xima, precisamente por el hecho de nacer de la tierra, no est\u00e1 expuesta a la poluci\u00f3n en forma de metales pesados o micropl\u00e1sticos del mar. Supone una riqueza \u00fanica y excepcional que se forma gracias a que el sol y el viento la cristalizan y que, finalmente los brazos de un salinero, la recoge con extrema delicadeza. Flor de sal en su origen por lo que, naturalmente, ofrece un alto contenido nutricional.\" \/>\n<meta property=\"og:url\" content=\"https:\/\/fincaduernas.com\/en\/product\/sal-marina-de-manantial-duernas-origen\/\" \/>\n<meta property=\"og:site_name\" content=\"Finca Duernas\" \/>\n<meta property=\"article:modified_time\" content=\"2025-12-15T11:34:52+00:00\" \/>\n<meta property=\"og:image\" content=\"https:\/\/fincaduernas.com\/wp-content\/uploads\/2023\/05\/duernas-origen-sal.webp\" \/>\n\t<meta property=\"og:image:width\" content=\"1500\" \/>\n\t<meta property=\"og:image:height\" content=\"1500\" \/>\n\t<meta property=\"og:image:type\" content=\"image\/webp\" \/>\n<meta name=\"twitter:card\" content=\"summary_large_image\" \/>\n<meta name=\"twitter:label1\" content=\"Estimated reading time\" \/>\n\t<meta name=\"twitter:data1\" content=\"1 minute\" \/>\n<script type=\"application\/ld+json\" class=\"yoast-schema-graph\">{\"@context\":\"https:\/\/schema.org\",\"@graph\":[{\"@type\":\"WebPage\",\"@id\":\"https:\/\/fincaduernas.com\/producto\/sal-marina-de-manantial-duernas-origen\",\"url\":\"https:\/\/fincaduernas.com\/producto\/sal-marina-de-manantial-duernas-origen\",\"name\":\"Sal Marina de Manantial - Duernas Origen - Finca Duernas\",\"isPartOf\":{\"@id\":\"https:\/\/fincaduernas.com\/#website\"},\"primaryImageOfPage\":{\"@id\":\"https:\/\/fincaduernas.com\/producto\/sal-marina-de-manantial-duernas-origen#primaryimage\"},\"image\":{\"@id\":\"https:\/\/fincaduernas.com\/producto\/sal-marina-de-manantial-duernas-origen#primaryimage\"},\"thumbnailUrl\":\"https:\/\/fincaduernas.com\/wp-content\/uploads\/2023\/05\/duernas-origen-sal.webp\",\"datePublished\":\"2023-05-22T12:12:39+00:00\",\"dateModified\":\"2025-12-15T11:34:52+00:00\",\"breadcrumb\":{\"@id\":\"https:\/\/fincaduernas.com\/producto\/sal-marina-de-manantial-duernas-origen#breadcrumb\"},\"inLanguage\":\"en-GB\",\"potentialAction\":[{\"@type\":\"ReadAction\",\"target\":[\"https:\/\/fincaduernas.com\/producto\/sal-marina-de-manantial-duernas-origen\"]}]},{\"@type\":\"ImageObject\",\"inLanguage\":\"en-GB\",\"@id\":\"https:\/\/fincaduernas.com\/producto\/sal-marina-de-manantial-duernas-origen#primaryimage\",\"url\":\"https:\/\/fincaduernas.com\/wp-content\/uploads\/2023\/05\/duernas-origen-sal.webp\",\"contentUrl\":\"https:\/\/fincaduernas.com\/wp-content\/uploads\/2023\/05\/duernas-origen-sal.webp\",\"width\":1500,\"height\":1500},{\"@type\":\"BreadcrumbList\",\"@id\":\"https:\/\/fincaduernas.com\/producto\/sal-marina-de-manantial-duernas-origen#breadcrumb\",\"itemListElement\":[{\"@type\":\"ListItem\",\"position\":1,\"name\":\"Portada\",\"item\":\"https:\/\/fincaduernas.com\/\"},{\"@type\":\"ListItem\",\"position\":2,\"name\":\"Tienda\",\"item\":\"https:\/\/fincaduernas.com\/tienda\"},{\"@type\":\"ListItem\",\"position\":3,\"name\":\"Sal Marina de Manantial &#8211; Duernas Origen\"}]},{\"@type\":\"WebSite\",\"@id\":\"https:\/\/fincaduernas.com\/#website\",\"url\":\"https:\/\/fincaduernas.com\/\",\"name\":\"Finca Duernas\",\"description\":\"Aceite de Oliva Virgen Extra\",\"publisher\":{\"@id\":\"https:\/\/fincaduernas.com\/#organization\"},\"potentialAction\":[{\"@type\":\"SearchAction\",\"target\":{\"@type\":\"EntryPoint\",\"urlTemplate\":\"https:\/\/fincaduernas.com\/?s={search_term_string}\"},\"query-input\":{\"@type\":\"PropertyValueSpecification\",\"valueRequired\":true,\"valueName\":\"search_term_string\"}}],\"inLanguage\":\"en-GB\"},{\"@type\":\"Organization\",\"@id\":\"https:\/\/fincaduernas.com\/#organization\",\"name\":\"Finca Duernas\",\"url\":\"https:\/\/fincaduernas.com\/\",\"logo\":{\"@type\":\"ImageObject\",\"inLanguage\":\"en-GB\",\"@id\":\"https:\/\/fincaduernas.com\/#\/schema\/logo\/image\/\",\"url\":\"https:\/\/fincaduernas.com\/wp-content\/uploads\/2022\/09\/finca-duernas-logo.svg\",\"contentUrl\":\"https:\/\/fincaduernas.com\/wp-content\/uploads\/2022\/09\/finca-duernas-logo.svg\",\"width\":123,\"height\":31,\"caption\":\"Finca Duernas\"},\"image\":{\"@id\":\"https:\/\/fincaduernas.com\/#\/schema\/logo\/image\/\"}}]}<\/script>\n<!-- \/ Yoast SEO plugin. -->","yoast_head_json":{"title":"Sal Marina de Manantial - Duernas Origen - Finca Duernas","robots":{"index":"index","follow":"follow","max-snippet":"max-snippet:-1","max-image-preview":"max-image-preview:large","max-video-preview":"max-video-preview:-1"},"canonical":"https:\/\/fincaduernas.com\/en\/product\/sal-marina-de-manantial-duernas-origen\/","og_locale":"en_GB","og_type":"article","og_title":"Sal Marina de Manantial - Duernas Origen - Finca Duernas","og_description":"Durante siglos, las salinas de manantial de Duernas han sido las m\u00e1s importantes de la Pen\u00ednsula Ib\u00e9rica y son una aportaci\u00f3n \u00fanica al Patrimonio material e intangible de la Humanidad. Su origen es un mar de hace millones de a\u00f1os, que no quiso irse de C\u00f3rdoba. Fue durante el Imperio Romano cuando tuvieron su m\u00e1ximo explendor y suministraban al resto de las provincias patricias, siendo custodiadas militarmente como muestran los restos arqueol\u00f3gicos. La pureza de la sal de manantial es la m\u00e1xima, precisamente por el hecho de nacer de la tierra, no est\u00e1 expuesta a la poluci\u00f3n en forma de metales pesados o micropl\u00e1sticos del mar. Supone una riqueza \u00fanica y excepcional que se forma gracias a que el sol y el viento la cristalizan y que, finalmente los brazos de un salinero, la recoge con extrema delicadeza. Flor de sal en su origen por lo que, naturalmente, ofrece un alto contenido nutricional.","og_url":"https:\/\/fincaduernas.com\/en\/product\/sal-marina-de-manantial-duernas-origen\/","og_site_name":"Finca Duernas","article_modified_time":"2025-12-15T11:34:52+00:00","og_image":[{"width":1500,"height":1500,"url":"https:\/\/fincaduernas.com\/wp-content\/uploads\/2023\/05\/duernas-origen-sal.webp","type":"image\/webp"}],"twitter_card":"summary_large_image","twitter_misc":{"Estimated reading time":"1 minute"},"schema":{"@context":"https:\/\/schema.org","@graph":[{"@type":"WebPage","@id":"https:\/\/fincaduernas.com\/producto\/sal-marina-de-manantial-duernas-origen","url":"https:\/\/fincaduernas.com\/producto\/sal-marina-de-manantial-duernas-origen","name":"Sal Marina de Manantial - Duernas Origen - Finca Duernas","isPartOf":{"@id":"https:\/\/fincaduernas.com\/#website"},"primaryImageOfPage":{"@id":"https:\/\/fincaduernas.com\/producto\/sal-marina-de-manantial-duernas-origen#primaryimage"},"image":{"@id":"https:\/\/fincaduernas.com\/producto\/sal-marina-de-manantial-duernas-origen#primaryimage"},"thumbnailUrl":"https:\/\/fincaduernas.com\/wp-content\/uploads\/2023\/05\/duernas-origen-sal.webp","datePublished":"2023-05-22T12:12:39+00:00","dateModified":"2025-12-15T11:34:52+00:00","breadcrumb":{"@id":"https:\/\/fincaduernas.com\/producto\/sal-marina-de-manantial-duernas-origen#breadcrumb"},"inLanguage":"en-GB","potentialAction":[{"@type":"ReadAction","target":["https:\/\/fincaduernas.com\/producto\/sal-marina-de-manantial-duernas-origen"]}]},{"@type":"ImageObject","inLanguage":"en-GB","@id":"https:\/\/fincaduernas.com\/producto\/sal-marina-de-manantial-duernas-origen#primaryimage","url":"https:\/\/fincaduernas.com\/wp-content\/uploads\/2023\/05\/duernas-origen-sal.webp","contentUrl":"https:\/\/fincaduernas.com\/wp-content\/uploads\/2023\/05\/duernas-origen-sal.webp","width":1500,"height":1500},{"@type":"BreadcrumbList","@id":"https:\/\/fincaduernas.com\/producto\/sal-marina-de-manantial-duernas-origen#breadcrumb","itemListElement":[{"@type":"ListItem","position":1,"name":"Portada","item":"https:\/\/fincaduernas.com\/"},{"@type":"ListItem","position":2,"name":"Tienda","item":"https:\/\/fincaduernas.com\/tienda"},{"@type":"ListItem","position":3,"name":"Sal Marina de Manantial &#8211; Duernas Origen"}]},{"@type":"WebSite","@id":"https:\/\/fincaduernas.com\/#website","url":"https:\/\/fincaduernas.com\/","name":"Finca Duernas","description":"Aceite de Oliva Virgen Extra","publisher":{"@id":"https:\/\/fincaduernas.com\/#organization"},"potentialAction":[{"@type":"SearchAction","target":{"@type":"EntryPoint","urlTemplate":"https:\/\/fincaduernas.com\/?s={search_term_string}"},"query-input":{"@type":"PropertyValueSpecification","valueRequired":true,"valueName":"search_term_string"}}],"inLanguage":"en-GB"},{"@type":"Organization","@id":"https:\/\/fincaduernas.com\/#organization","name":"Finca Duernas","url":"https:\/\/fincaduernas.com\/","logo":{"@type":"ImageObject","inLanguage":"en-GB","@id":"https:\/\/fincaduernas.com\/#\/schema\/logo\/image\/","url":"https:\/\/fincaduernas.com\/wp-content\/uploads\/2022\/09\/finca-duernas-logo.svg","contentUrl":"https:\/\/fincaduernas.com\/wp-content\/uploads\/2022\/09\/finca-duernas-logo.svg","width":123,"height":31,"caption":"Finca Duernas"},"image":{"@id":"https:\/\/fincaduernas.com\/#\/schema\/logo\/image\/"}}]}},"_links":{"self":[{"href":"https:\/\/fincaduernas.com\/en\/wp-json\/wp\/v2\/product\/2558","targetHints":{"allow":["GET"]}}],"collection":[{"href":"https:\/\/fincaduernas.com\/en\/wp-json\/wp\/v2\/product"}],"about":[{"href":"https:\/\/fincaduernas.com\/en\/wp-json\/wp\/v2\/types\/product"}],"wp:featuredmedia":[{"embeddable":true,"href":"https:\/\/fincaduernas.com\/en\/wp-json\/wp\/v2\/media\/2559"}],"wp:attachment":[{"href":"https:\/\/fincaduernas.com\/en\/wp-json\/wp\/v2\/media?parent=2558"}],"wp:term":[{"taxonomy":"product_brand","embeddable":true,"href":"https:\/\/fincaduernas.com\/en\/wp-json\/wp\/v2\/product_brand?post=2558"},{"taxonomy":"product_cat","embeddable":true,"href":"https:\/\/fincaduernas.com\/en\/wp-json\/wp\/v2\/product_cat?post=2558"},{"taxonomy":"product_tag","embeddable":true,"href":"https:\/\/fincaduernas.com\/en\/wp-json\/wp\/v2\/product_tag?post=2558"}],"curies":[{"name":"wp","href":"https:\/\/api.w.org\/{rel}","templated":true}]}}