{"id":2357,"date":"2023-05-10T16:56:30","date_gmt":"2023-05-10T16:56:30","guid":{"rendered":"https:\/\/fincaduernas.com\/?page_id=2357"},"modified":"2023-07-17T12:46:27","modified_gmt":"2023-07-17T12:46:27","slug":"duernas-envero","status":"publish","type":"page","link":"https:\/\/fincaduernas.com\/en\/duernas-envero","title":{"rendered":"Duernas Envero"},"content":{"rendered":"<div data-elementor-type=\"wp-page\" data-elementor-id=\"2357\" class=\"elementor elementor-2357\" data-elementor-post-type=\"page\">\n\t\t\t\t<div class=\"elementor-element elementor-element-7b4b17a e-con-full e-flex e-con e-parent\" data-id=\"7b4b17a\" data-element_type=\"container\" data-e-type=\"container\" data-settings=\"{&quot;background_background&quot;:&quot;classic&quot;,&quot;background_motion_fx_motion_fx_scrolling&quot;:&quot;yes&quot;,&quot;background_motion_fx_translateY_effect&quot;:&quot;yes&quot;,&quot;background_motion_fx_translateY_speed&quot;:{&quot;unit&quot;:&quot;px&quot;,&quot;size&quot;:4,&quot;sizes&quot;:[]},&quot;background_motion_fx_translateY_affectedRange&quot;:{&quot;unit&quot;:&quot;%&quot;,&quot;size&quot;:&quot;&quot;,&quot;sizes&quot;:{&quot;start&quot;:0,&quot;end&quot;:100}},&quot;background_motion_fx_devices&quot;:[&quot;desktop&quot;,&quot;tablet&quot;,&quot;mobile&quot;]}\">\n\t\t\t\t<div class=\"elementor-element elementor-element-6a3ee909 elementor-invisible elementor-widget elementor-widget-image\" data-id=\"6a3ee909\" data-element_type=\"widget\" data-e-type=\"widget\" data-settings=\"{&quot;_animation&quot;:&quot;fadeIn&quot;}\" data-widget_type=\"image.default\">\n\t\t\t\t<div class=\"elementor-widget-container\">\n\t\t\t\t\t\t\t\t\t\t\t\t\t\t\t<img decoding=\"async\" width=\"63\" height=\"46\" src=\"https:\/\/fincaduernas.com\/wp-content\/uploads\/2021\/03\/oliva-adorno.png\" class=\"attachment-large size-large wp-image-1581\" alt=\"\" \/>\t\t\t\t\t\t\t\t\t\t\t\t\t\t\t<\/div>\n\t\t\t\t<\/div>\n\t\t\t\t<div class=\"elementor-element elementor-element-f698f78 elementor-widget elementor-widget-image\" data-id=\"f698f78\" data-element_type=\"widget\" data-e-type=\"widget\" data-widget_type=\"image.default\">\n\t\t\t\t<div class=\"elementor-widget-container\">\n\t\t\t\t\t\t\t\t\t\t\t\t\t\t\t<img decoding=\"async\" width=\"166\" height=\"56\" src=\"https:\/\/fincaduernas.com\/wp-content\/uploads\/2023\/05\/duernas-envero.svg\" class=\"attachment-large size-large wp-image-2210\" alt=\"\" \/>\t\t\t\t\t\t\t\t\t\t\t\t\t\t\t<\/div>\n\t\t\t\t<\/div>\n\t\t\t\t<div class=\"elementor-element elementor-element-9a20786 elementor-widget elementor-widget-text-editor\" data-id=\"9a20786\" data-element_type=\"widget\" data-e-type=\"widget\" data-widget_type=\"text-editor.default\">\n\t\t\t\t<div class=\"elementor-widget-container\">\n\t\t\t\t\t\t\t\t\t<p>The moment known as the Envero is one of nature\u2019s most beautiful moments of change. The olive fruit changes colour from green to purple, gaining in aromatic strength and flavour and acquiring greater nutritional richness. Olive oil pressed at this key moment is the freshest and healthiest of all.<\/p>\t\t\t\t\t\t\t\t<\/div>\n\t\t\t\t<\/div>\n\t\t\t\t<\/div>\n\t\t<div class=\"elementor-element elementor-element-3f3bde50 e-flex e-con-boxed e-con e-parent\" data-id=\"3f3bde50\" data-element_type=\"container\" data-e-type=\"container\" data-settings=\"{&quot;background_background&quot;:&quot;classic&quot;}\">\n\t\t\t\t\t<div class=\"e-con-inner\">\n\t\t<div class=\"elementor-element elementor-element-25842c24 e-con-full e-flex e-con e-parent\" data-id=\"25842c24\" data-element_type=\"container\" data-e-type=\"container\" data-settings=\"{&quot;background_background&quot;:&quot;classic&quot;}\">\n\t\t\t\t<div class=\"elementor-element elementor-element-78daa1d8 elementor-widget__width-inherit elementor-widget elementor-widget-image\" data-id=\"78daa1d8\" data-element_type=\"widget\" data-e-type=\"widget\" data-widget_type=\"image.default\">\n\t\t\t\t<div class=\"elementor-widget-container\">\n\t\t\t\t\t\t\t\t\t\t\t\t\t\t\t<img decoding=\"async\" width=\"219\" height=\"25\" src=\"https:\/\/fincaduernas.com\/wp-content\/uploads\/2023\/05\/arbequina-bio.svg\" class=\"attachment-large size-large wp-image-2212\" alt=\"\" \/>\t\t\t\t\t\t\t\t\t\t\t\t\t\t\t<\/div>\n\t\t\t\t<\/div>\n\t\t\t\t<div class=\"elementor-element elementor-element-50748a39 elementor-widget elementor-widget-text-editor\" data-id=\"50748a39\" data-element_type=\"widget\" data-e-type=\"widget\" data-widget_type=\"text-editor.default\">\n\t\t\t\t<div class=\"elementor-widget-container\">\n\t\t\t\t\t\t\t\t\t<p><strong>Duernas Envero de Arbequina Organic<\/strong> It has its own personality being an arbequina from the Guadalquivir river plain. It is sweet at the beginning but surprisingly spicy on the back palate due to the high polyphenol level.<\/p>\t\t\t\t\t\t\t\t<\/div>\n\t\t\t\t<\/div>\n\t\t\t\t<div class=\"elementor-element elementor-element-573de1bc elementor-widget__width-initial elementor-invisible elementor-widget elementor-widget-image\" data-id=\"573de1bc\" data-element_type=\"widget\" data-e-type=\"widget\" data-settings=\"{&quot;_animation&quot;:&quot;fadeInUp&quot;}\" data-widget_type=\"image.default\">\n\t\t\t\t<div class=\"elementor-widget-container\">\n\t\t\t\t\t\t\t\t\t\t\t\t\t\t\t<img loading=\"lazy\" decoding=\"async\" width=\"1500\" height=\"1500\" src=\"https:\/\/fincaduernas.com\/wp-content\/uploads\/2023\/05\/finca-duernas-arbequina-envero-250-500.webp\" class=\"attachment-full size-full wp-image-2209\" alt=\"\" srcset=\"https:\/\/fincaduernas.com\/wp-content\/uploads\/2023\/05\/finca-duernas-arbequina-envero-250-500.webp 1500w, https:\/\/fincaduernas.com\/wp-content\/uploads\/2023\/05\/finca-duernas-arbequina-envero-250-500-300x300.webp 300w, https:\/\/fincaduernas.com\/wp-content\/uploads\/2023\/05\/finca-duernas-arbequina-envero-250-500-1024x1024.webp 1024w, https:\/\/fincaduernas.com\/wp-content\/uploads\/2023\/05\/finca-duernas-arbequina-envero-250-500-150x150.webp 150w, https:\/\/fincaduernas.com\/wp-content\/uploads\/2023\/05\/finca-duernas-arbequina-envero-250-500-768x768.webp 768w, https:\/\/fincaduernas.com\/wp-content\/uploads\/2023\/05\/finca-duernas-arbequina-envero-250-500-600x600.webp 600w, https:\/\/fincaduernas.com\/wp-content\/uploads\/2023\/05\/finca-duernas-arbequina-envero-250-500-100x100.webp 100w\" sizes=\"(max-width: 1500px) 100vw, 1500px\" \/>\t\t\t\t\t\t\t\t\t\t\t\t\t\t\t<\/div>\n\t\t\t\t<\/div>\n\t\t\t\t<div class=\"elementor-element elementor-element-6d340713 elementor-align-center elementor-widget elementor-widget-button\" data-id=\"6d340713\" data-element_type=\"widget\" data-e-type=\"widget\" data-widget_type=\"button.default\">\n\t\t\t\t<div class=\"elementor-widget-container\">\n\t\t\t\t\t\t\t\t\t<div class=\"elementor-button-wrapper\">\n\t\t\t\t\t<a class=\"elementor-button elementor-size-sm\" role=\"button\">\n\t\t\t\t\t\t<span class=\"elementor-button-content-wrapper\">\n\t\t\t\t\t\t\t\t\t<span class=\"elementor-button-text\">buy<\/span>\n\t\t\t\t\t<\/span>\n\t\t\t\t\t<\/a>\n\t\t\t\t<\/div>\n\t\t\t\t\t\t\t\t<\/div>\n\t\t\t\t<\/div>\n\t\t\t\t<div class=\"elementor-element elementor-element-3ea7bf06 elementor-widget elementor-widget-text-editor\" data-id=\"3ea7bf06\" data-element_type=\"widget\" data-e-type=\"widget\" data-widget_type=\"text-editor.default\">\n\t\t\t\t<div class=\"elementor-widget-container\">\n\t\t\t\t\t\t\t\t\t<p>Sorprende en boca por su dulzor combinado con un largo retrogusto picante, que es buena muestra de su elevado valor nutricional.\u00a0<\/p><p>El arbequino de Duernas tiene personalidad propia e inigualable y es demandado, a\u00f1o tras a\u00f1o, por los paladares m\u00e1s exquisitos .<\/p><p>Goes perfectly with toast, fruit, fish and salads of all kinds, and as an ingredient in cakes, pastries and salmorejo (tomato dip).<\/p>\t\t\t\t\t\t\t\t<\/div>\n\t\t\t\t<\/div>\n\t\t\t\t<\/div>\n\t\t<div class=\"elementor-element elementor-element-702d0fd8 e-con-full e-flex e-con e-parent\" data-id=\"702d0fd8\" data-element_type=\"container\" data-e-type=\"container\" data-settings=\"{&quot;background_background&quot;:&quot;classic&quot;}\">\n\t\t\t\t<div class=\"elementor-element elementor-element-7845a36f elementor-widget__width-inherit elementor-widget elementor-widget-image\" data-id=\"7845a36f\" data-element_type=\"widget\" data-e-type=\"widget\" data-widget_type=\"image.default\">\n\t\t\t\t<div class=\"elementor-widget-container\">\n\t\t\t\t\t\t\t\t\t\t\t\t\t\t\t<img loading=\"lazy\" decoding=\"async\" width=\"219\" height=\"25\" src=\"https:\/\/fincaduernas.com\/wp-content\/uploads\/2023\/05\/picual-bio.svg\" class=\"attachment-large size-large wp-image-2213\" alt=\"\" \/>\t\t\t\t\t\t\t\t\t\t\t\t\t\t\t<\/div>\n\t\t\t\t<\/div>\n\t\t\t\t<div class=\"elementor-element elementor-element-6d73f5b2 elementor-widget elementor-widget-text-editor\" data-id=\"6d73f5b2\" data-element_type=\"widget\" data-e-type=\"widget\" data-widget_type=\"text-editor.default\">\n\t\t\t\t<div class=\"elementor-widget-container\">\n\t\t\t\t\t\t\t\t\t<p><b>Duernas<\/b> <b>Envero<\/b> <b>de Picual ecol\u00f3gico<\/b> es un viaje emocional, un paseo olfativo por el bajo monte Mediterr\u00e1neo de hierbas arom\u00e1ticas<\/p>\t\t\t\t\t\t\t\t<\/div>\n\t\t\t\t<\/div>\n\t\t\t\t<div class=\"elementor-element elementor-element-7cec5ac1 elementor-widget__width-initial elementor-invisible elementor-widget elementor-widget-image\" data-id=\"7cec5ac1\" data-element_type=\"widget\" data-e-type=\"widget\" data-settings=\"{&quot;_animation&quot;:&quot;fadeInUp&quot;}\" data-widget_type=\"image.default\">\n\t\t\t\t<div class=\"elementor-widget-container\">\n\t\t\t\t\t\t\t\t\t\t\t\t\t\t\t<img loading=\"lazy\" decoding=\"async\" width=\"1500\" height=\"1500\" src=\"https:\/\/fincaduernas.com\/wp-content\/uploads\/2023\/05\/finca-duernas-picual-envero-250-500.webp\" class=\"attachment-full size-full wp-image-2216\" alt=\"\" srcset=\"https:\/\/fincaduernas.com\/wp-content\/uploads\/2023\/05\/finca-duernas-picual-envero-250-500.webp 1500w, https:\/\/fincaduernas.com\/wp-content\/uploads\/2023\/05\/finca-duernas-picual-envero-250-500-300x300.webp 300w, https:\/\/fincaduernas.com\/wp-content\/uploads\/2023\/05\/finca-duernas-picual-envero-250-500-1024x1024.webp 1024w, https:\/\/fincaduernas.com\/wp-content\/uploads\/2023\/05\/finca-duernas-picual-envero-250-500-150x150.webp 150w, https:\/\/fincaduernas.com\/wp-content\/uploads\/2023\/05\/finca-duernas-picual-envero-250-500-768x768.webp 768w, https:\/\/fincaduernas.com\/wp-content\/uploads\/2023\/05\/finca-duernas-picual-envero-250-500-600x600.webp 600w, https:\/\/fincaduernas.com\/wp-content\/uploads\/2023\/05\/finca-duernas-picual-envero-250-500-100x100.webp 100w\" sizes=\"(max-width: 1500px) 100vw, 1500px\" \/>\t\t\t\t\t\t\t\t\t\t\t\t\t\t\t<\/div>\n\t\t\t\t<\/div>\n\t\t\t\t<div class=\"elementor-element elementor-element-76f3e34e elementor-align-center elementor-widget elementor-widget-button\" data-id=\"76f3e34e\" data-element_type=\"widget\" data-e-type=\"widget\" data-widget_type=\"button.default\">\n\t\t\t\t<div class=\"elementor-widget-container\">\n\t\t\t\t\t\t\t\t\t<div class=\"elementor-button-wrapper\">\n\t\t\t\t\t<a class=\"elementor-button elementor-size-sm\" role=\"button\">\n\t\t\t\t\t\t<span class=\"elementor-button-content-wrapper\">\n\t\t\t\t\t\t\t\t\t<span class=\"elementor-button-text\">buy<\/span>\n\t\t\t\t\t<\/span>\n\t\t\t\t\t<\/a>\n\t\t\t\t<\/div>\n\t\t\t\t\t\t\t\t<\/div>\n\t\t\t\t<\/div>\n\t\t\t\t<div class=\"elementor-element elementor-element-cbb2bb3 elementor-widget elementor-widget-text-editor\" data-id=\"cbb2bb3\" data-element_type=\"widget\" data-e-type=\"widget\" data-widget_type=\"text-editor.default\">\n\t\t\t\t<div class=\"elementor-widget-container\">\n\t\t\t\t\t\t\t\t\t<p>Aromas de hierba verde y manzanas. Ligero con un regusto ligeramente amargo y picante debido a su alto nivel de antioxidantes.<\/p><p>Bueno para guisos y sopas, carpacios, aves a la parrilla, carnes y frituras. Tambi\u00e9n se recomienda para el sushi.<\/p><p>Este aceite es utilizado por muchos nutricionistas deportivos profesionales como \u00fanico aceite en la dieta de sus atletas.<\/p><p>\u00a0<\/p>\t\t\t\t\t\t\t\t<\/div>\n\t\t\t\t<\/div>\n\t\t\t\t<\/div>\n\t\t\t\t\t<\/div>\n\t\t\t\t<\/div>\n\t\t\t\t<\/div>","protected":false},"excerpt":{"rendered":"<p>El Envero es la manifestaci\u00f3n m\u00e1s bella del cambio en la Naturaleza, el fruto cambia de color de verde a morado, mostrando su mayor fuerza arom\u00e1tica y de sabor, junto con su mayor riqueza nutricional. Este momento s\u00f3lo ocurre durante dos semanas al a\u00f1o en el mes de Octubre. Duernas Envero nace para ofrecer un [&hellip;]<\/p>","protected":false},"author":1,"featured_media":0,"parent":0,"menu_order":0,"comment_status":"closed","ping_status":"closed","template":"","meta":{"footnotes":""},"class_list":["post-2357","page","type-page","status-publish","hentry"],"yoast_head":"<!-- This site is optimized with the Yoast SEO plugin v26.9 - https:\/\/yoast.com\/product\/yoast-seo-wordpress\/ -->\n<title>Duernas Envero - Finca Duernas<\/title>\n<meta name=\"robots\" content=\"index, follow, max-snippet:-1, max-image-preview:large, max-video-preview:-1\" \/>\n<link rel=\"canonical\" href=\"https:\/\/fincaduernas.com\/en\/duernas-envero\/\" \/>\n<meta property=\"og:locale\" content=\"en_GB\" \/>\n<meta property=\"og:type\" content=\"article\" \/>\n<meta property=\"og:title\" content=\"Duernas Envero - Finca Duernas\" \/>\n<meta property=\"og:description\" content=\"El Envero es la manifestaci\u00f3n m\u00e1s bella del cambio en la Naturaleza, el fruto cambia de color de verde a morado, mostrando su mayor fuerza arom\u00e1tica y de sabor, junto con su mayor riqueza nutricional. Este momento s\u00f3lo ocurre durante dos semanas al a\u00f1o en el mes de Octubre. Duernas Envero nace para ofrecer un [&hellip;]\" \/>\n<meta property=\"og:url\" content=\"https:\/\/fincaduernas.com\/en\/duernas-envero\/\" \/>\n<meta property=\"og:site_name\" content=\"Finca Duernas\" \/>\n<meta property=\"article:modified_time\" content=\"2023-07-17T12:46:27+00:00\" \/>\n<meta property=\"og:image\" content=\"https:\/\/fincaduernas.com\/wp-content\/uploads\/2021\/03\/oliva-adorno.png\" \/>\n<meta name=\"twitter:card\" content=\"summary_large_image\" \/>\n<meta name=\"twitter:label1\" content=\"Estimated reading time\" \/>\n\t<meta name=\"twitter:data1\" content=\"3 minutes\" \/>\n<script type=\"application\/ld+json\" class=\"yoast-schema-graph\">{\"@context\":\"https:\/\/schema.org\",\"@graph\":[{\"@type\":\"WebPage\",\"@id\":\"https:\/\/fincaduernas.com\/duernas-envero\",\"url\":\"https:\/\/fincaduernas.com\/duernas-envero\",\"name\":\"Duernas Envero - Finca Duernas\",\"isPartOf\":{\"@id\":\"https:\/\/fincaduernas.com\/#website\"},\"primaryImageOfPage\":{\"@id\":\"https:\/\/fincaduernas.com\/duernas-envero#primaryimage\"},\"image\":{\"@id\":\"https:\/\/fincaduernas.com\/duernas-envero#primaryimage\"},\"thumbnailUrl\":\"https:\/\/fincaduernas.com\/wp-content\/uploads\/2021\/03\/oliva-adorno.png\",\"datePublished\":\"2023-05-10T16:56:30+00:00\",\"dateModified\":\"2023-07-17T12:46:27+00:00\",\"breadcrumb\":{\"@id\":\"https:\/\/fincaduernas.com\/duernas-envero#breadcrumb\"},\"inLanguage\":\"en-GB\",\"potentialAction\":[{\"@type\":\"ReadAction\",\"target\":[\"https:\/\/fincaduernas.com\/duernas-envero\"]}]},{\"@type\":\"ImageObject\",\"inLanguage\":\"en-GB\",\"@id\":\"https:\/\/fincaduernas.com\/duernas-envero#primaryimage\",\"url\":\"https:\/\/fincaduernas.com\/wp-content\/uploads\/2021\/03\/oliva-adorno.png\",\"contentUrl\":\"https:\/\/fincaduernas.com\/wp-content\/uploads\/2021\/03\/oliva-adorno.png\"},{\"@type\":\"BreadcrumbList\",\"@id\":\"https:\/\/fincaduernas.com\/duernas-envero#breadcrumb\",\"itemListElement\":[{\"@type\":\"ListItem\",\"position\":1,\"name\":\"Portada\",\"item\":\"https:\/\/fincaduernas.com\/\"},{\"@type\":\"ListItem\",\"position\":2,\"name\":\"Duernas Envero\"}]},{\"@type\":\"WebSite\",\"@id\":\"https:\/\/fincaduernas.com\/#website\",\"url\":\"https:\/\/fincaduernas.com\/\",\"name\":\"Finca Duernas\",\"description\":\"Aceite de Oliva Virgen Extra\",\"publisher\":{\"@id\":\"https:\/\/fincaduernas.com\/#organization\"},\"potentialAction\":[{\"@type\":\"SearchAction\",\"target\":{\"@type\":\"EntryPoint\",\"urlTemplate\":\"https:\/\/fincaduernas.com\/?s={search_term_string}\"},\"query-input\":{\"@type\":\"PropertyValueSpecification\",\"valueRequired\":true,\"valueName\":\"search_term_string\"}}],\"inLanguage\":\"en-GB\"},{\"@type\":\"Organization\",\"@id\":\"https:\/\/fincaduernas.com\/#organization\",\"name\":\"Finca Duernas\",\"url\":\"https:\/\/fincaduernas.com\/\",\"logo\":{\"@type\":\"ImageObject\",\"inLanguage\":\"en-GB\",\"@id\":\"https:\/\/fincaduernas.com\/#\/schema\/logo\/image\/\",\"url\":\"https:\/\/fincaduernas.com\/wp-content\/uploads\/2022\/09\/finca-duernas-logo.svg\",\"contentUrl\":\"https:\/\/fincaduernas.com\/wp-content\/uploads\/2022\/09\/finca-duernas-logo.svg\",\"width\":123,\"height\":31,\"caption\":\"Finca Duernas\"},\"image\":{\"@id\":\"https:\/\/fincaduernas.com\/#\/schema\/logo\/image\/\"}}]}<\/script>\n<!-- \/ Yoast SEO plugin. -->","yoast_head_json":{"title":"Duernas Envero - Finca Duernas","robots":{"index":"index","follow":"follow","max-snippet":"max-snippet:-1","max-image-preview":"max-image-preview:large","max-video-preview":"max-video-preview:-1"},"canonical":"https:\/\/fincaduernas.com\/en\/duernas-envero\/","og_locale":"en_GB","og_type":"article","og_title":"Duernas Envero - Finca Duernas","og_description":"El Envero es la manifestaci\u00f3n m\u00e1s bella del cambio en la Naturaleza, el fruto cambia de color de verde a morado, mostrando su mayor fuerza arom\u00e1tica y de sabor, junto con su mayor riqueza nutricional. Este momento s\u00f3lo ocurre durante dos semanas al a\u00f1o en el mes de Octubre. Duernas Envero nace para ofrecer un [&hellip;]","og_url":"https:\/\/fincaduernas.com\/en\/duernas-envero\/","og_site_name":"Finca Duernas","article_modified_time":"2023-07-17T12:46:27+00:00","og_image":[{"url":"https:\/\/fincaduernas.com\/wp-content\/uploads\/2021\/03\/oliva-adorno.png","type":"","width":"","height":""}],"twitter_card":"summary_large_image","twitter_misc":{"Estimated reading time":"3 minutes"},"schema":{"@context":"https:\/\/schema.org","@graph":[{"@type":"WebPage","@id":"https:\/\/fincaduernas.com\/duernas-envero","url":"https:\/\/fincaduernas.com\/duernas-envero","name":"Duernas Envero - Finca Duernas","isPartOf":{"@id":"https:\/\/fincaduernas.com\/#website"},"primaryImageOfPage":{"@id":"https:\/\/fincaduernas.com\/duernas-envero#primaryimage"},"image":{"@id":"https:\/\/fincaduernas.com\/duernas-envero#primaryimage"},"thumbnailUrl":"https:\/\/fincaduernas.com\/wp-content\/uploads\/2021\/03\/oliva-adorno.png","datePublished":"2023-05-10T16:56:30+00:00","dateModified":"2023-07-17T12:46:27+00:00","breadcrumb":{"@id":"https:\/\/fincaduernas.com\/duernas-envero#breadcrumb"},"inLanguage":"en-GB","potentialAction":[{"@type":"ReadAction","target":["https:\/\/fincaduernas.com\/duernas-envero"]}]},{"@type":"ImageObject","inLanguage":"en-GB","@id":"https:\/\/fincaduernas.com\/duernas-envero#primaryimage","url":"https:\/\/fincaduernas.com\/wp-content\/uploads\/2021\/03\/oliva-adorno.png","contentUrl":"https:\/\/fincaduernas.com\/wp-content\/uploads\/2021\/03\/oliva-adorno.png"},{"@type":"BreadcrumbList","@id":"https:\/\/fincaduernas.com\/duernas-envero#breadcrumb","itemListElement":[{"@type":"ListItem","position":1,"name":"Portada","item":"https:\/\/fincaduernas.com\/"},{"@type":"ListItem","position":2,"name":"Duernas Envero"}]},{"@type":"WebSite","@id":"https:\/\/fincaduernas.com\/#website","url":"https:\/\/fincaduernas.com\/","name":"Finca Duernas","description":"Aceite de Oliva Virgen Extra","publisher":{"@id":"https:\/\/fincaduernas.com\/#organization"},"potentialAction":[{"@type":"SearchAction","target":{"@type":"EntryPoint","urlTemplate":"https:\/\/fincaduernas.com\/?s={search_term_string}"},"query-input":{"@type":"PropertyValueSpecification","valueRequired":true,"valueName":"search_term_string"}}],"inLanguage":"en-GB"},{"@type":"Organization","@id":"https:\/\/fincaduernas.com\/#organization","name":"Finca Duernas","url":"https:\/\/fincaduernas.com\/","logo":{"@type":"ImageObject","inLanguage":"en-GB","@id":"https:\/\/fincaduernas.com\/#\/schema\/logo\/image\/","url":"https:\/\/fincaduernas.com\/wp-content\/uploads\/2022\/09\/finca-duernas-logo.svg","contentUrl":"https:\/\/fincaduernas.com\/wp-content\/uploads\/2022\/09\/finca-duernas-logo.svg","width":123,"height":31,"caption":"Finca Duernas"},"image":{"@id":"https:\/\/fincaduernas.com\/#\/schema\/logo\/image\/"}}]}},"_links":{"self":[{"href":"https:\/\/fincaduernas.com\/en\/wp-json\/wp\/v2\/pages\/2357","targetHints":{"allow":["GET"]}}],"collection":[{"href":"https:\/\/fincaduernas.com\/en\/wp-json\/wp\/v2\/pages"}],"about":[{"href":"https:\/\/fincaduernas.com\/en\/wp-json\/wp\/v2\/types\/page"}],"author":[{"embeddable":true,"href":"https:\/\/fincaduernas.com\/en\/wp-json\/wp\/v2\/users\/1"}],"replies":[{"embeddable":true,"href":"https:\/\/fincaduernas.com\/en\/wp-json\/wp\/v2\/comments?post=2357"}],"version-history":[{"count":25,"href":"https:\/\/fincaduernas.com\/en\/wp-json\/wp\/v2\/pages\/2357\/revisions"}],"predecessor-version":[{"id":3017,"href":"https:\/\/fincaduernas.com\/en\/wp-json\/wp\/v2\/pages\/2357\/revisions\/3017"}],"wp:attachment":[{"href":"https:\/\/fincaduernas.com\/en\/wp-json\/wp\/v2\/media?parent=2357"}],"curies":[{"name":"wp","href":"https:\/\/api.w.org\/{rel}","templated":true}]}}