{"id":2343,"date":"2023-05-10T16:14:14","date_gmt":"2023-05-10T16:14:14","guid":{"rendered":"https:\/\/fincaduernas.com\/?page_id=2343"},"modified":"2023-07-17T12:35:50","modified_gmt":"2023-07-17T12:35:50","slug":"duernas-oleum","status":"publish","type":"page","link":"https:\/\/fincaduernas.com\/en\/duernas-oleum","title":{"rendered":"Duernas Oleum"},"content":{"rendered":"<div data-elementor-type=\"wp-page\" data-elementor-id=\"2343\" class=\"elementor elementor-2343\" data-elementor-post-type=\"page\">\n\t\t\t\t<div class=\"elementor-element elementor-element-cbe9dd7 e-con-full e-flex e-con e-parent\" data-id=\"cbe9dd7\" data-element_type=\"container\" data-e-type=\"container\" data-settings=\"{&quot;background_background&quot;:&quot;classic&quot;,&quot;background_motion_fx_motion_fx_scrolling&quot;:&quot;yes&quot;,&quot;background_motion_fx_translateY_effect&quot;:&quot;yes&quot;,&quot;background_motion_fx_translateY_speed&quot;:{&quot;unit&quot;:&quot;px&quot;,&quot;size&quot;:4,&quot;sizes&quot;:[]},&quot;background_motion_fx_translateY_affectedRange&quot;:{&quot;unit&quot;:&quot;%&quot;,&quot;size&quot;:&quot;&quot;,&quot;sizes&quot;:{&quot;start&quot;:0,&quot;end&quot;:100}},&quot;background_motion_fx_devices&quot;:[&quot;desktop&quot;,&quot;tablet&quot;,&quot;mobile&quot;]}\">\n\t\t\t\t<div class=\"elementor-element elementor-element-44db4ba elementor-invisible elementor-widget elementor-widget-image\" data-id=\"44db4ba\" data-element_type=\"widget\" data-e-type=\"widget\" data-settings=\"{&quot;_animation&quot;:&quot;fadeIn&quot;}\" data-widget_type=\"image.default\">\n\t\t\t\t<div class=\"elementor-widget-container\">\n\t\t\t\t\t\t\t\t\t\t\t\t\t\t\t<img decoding=\"async\" width=\"63\" height=\"46\" src=\"https:\/\/fincaduernas.com\/wp-content\/uploads\/2021\/03\/oliva-adorno.png\" class=\"attachment-large size-large wp-image-1581\" alt=\"\" \/>\t\t\t\t\t\t\t\t\t\t\t\t\t\t\t<\/div>\n\t\t\t\t<\/div>\n\t\t\t\t<div class=\"elementor-element elementor-element-0e3d701 elementor-widget elementor-widget-image\" data-id=\"0e3d701\" data-element_type=\"widget\" data-e-type=\"widget\" data-widget_type=\"image.default\">\n\t\t\t\t<div class=\"elementor-widget-container\">\n\t\t\t\t\t\t\t\t\t\t\t\t\t\t\t<img decoding=\"async\" width=\"193\" height=\"56\" src=\"https:\/\/fincaduernas.com\/wp-content\/uploads\/2023\/04\/duernas-oleum-n.svg\" class=\"attachment-large size-large wp-image-2101\" alt=\"\" \/>\t\t\t\t\t\t\t\t\t\t\t\t\t\t\t<\/div>\n\t\t\t\t<\/div>\n\t\t\t\t<div class=\"elementor-element elementor-element-26727a4 elementor-widget elementor-widget-text-editor\" data-id=\"26727a4\" data-element_type=\"widget\" data-e-type=\"widget\" data-widget_type=\"text-editor.default\">\n\t\t\t\t<div class=\"elementor-widget-container\">\n\t\t\t\t\t\t\t\t\t<p>We have been over 200 years on the making of extra virgin olive oil in Finca Duernas. Our secret is the combination of looking after the soil, respect for our people and trying to do the best we can. Early harvest and short milling to be able to offer the optimal olive oils juice, full of aromas and flavour.<\/p>\t\t\t\t\t\t\t\t<\/div>\n\t\t\t\t<\/div>\n\t\t\t\t<\/div>\n\t\t<div class=\"elementor-element elementor-element-4984842 e-flex e-con-boxed e-con e-parent\" data-id=\"4984842\" data-element_type=\"container\" data-e-type=\"container\" data-settings=\"{&quot;background_background&quot;:&quot;classic&quot;}\">\n\t\t\t\t\t<div class=\"e-con-inner\">\n\t\t<div class=\"elementor-element elementor-element-7922df8 e-con-full e-flex e-con e-parent\" data-id=\"7922df8\" data-element_type=\"container\" data-e-type=\"container\" data-settings=\"{&quot;background_background&quot;:&quot;classic&quot;}\">\n\t\t\t\t<div class=\"elementor-element elementor-element-07c0e31 elementor-widget__width-inherit elementor-widget elementor-widget-image\" data-id=\"07c0e31\" data-element_type=\"widget\" data-e-type=\"widget\" data-widget_type=\"image.default\">\n\t\t\t\t<div class=\"elementor-widget-container\">\n\t\t\t\t\t\t\t\t\t\t\t\t\t\t\t<img decoding=\"async\" width=\"219\" height=\"25\" src=\"https:\/\/fincaduernas.com\/wp-content\/uploads\/2023\/05\/arbequina-bio.svg\" class=\"attachment-large size-large wp-image-2212\" alt=\"\" \/>\t\t\t\t\t\t\t\t\t\t\t\t\t\t\t<\/div>\n\t\t\t\t<\/div>\n\t\t\t\t<div class=\"elementor-element elementor-element-b9a74a4 elementor-widget elementor-widget-text-editor\" data-id=\"b9a74a4\" data-element_type=\"widget\" data-e-type=\"widget\" data-widget_type=\"text-editor.default\">\n\t\t\t\t<div class=\"elementor-widget-container\">\n\t\t\t\t\t\t\t\t\t<p>Duernas extra virgin arbequina is unique world\u2019s wide, most olive oil experts say.  What you normally expect from this varietal y a quite fruity mild olive oil, which is quite sweet, is never bitter and it is rarely spicy at the end of the palate.<\/p>\t\t\t\t\t\t\t\t<\/div>\n\t\t\t\t<\/div>\n\t\t\t\t<div class=\"elementor-element elementor-element-7b7624e elementor-widget__width-initial elementor-invisible elementor-widget elementor-widget-image\" data-id=\"7b7624e\" data-element_type=\"widget\" data-e-type=\"widget\" data-settings=\"{&quot;_animation&quot;:&quot;fadeInUp&quot;}\" data-widget_type=\"image.default\">\n\t\t\t\t<div class=\"elementor-widget-container\">\n\t\t\t\t\t\t\t\t\t\t\t\t\t\t\t<img loading=\"lazy\" decoding=\"async\" width=\"1500\" height=\"1500\" src=\"https:\/\/fincaduernas.com\/wp-content\/uploads\/2023\/05\/finca-duernas-arbequina-oleum-250-500.webp\" class=\"attachment-full size-full wp-image-2184\" alt=\"\" srcset=\"https:\/\/fincaduernas.com\/wp-content\/uploads\/2023\/05\/finca-duernas-arbequina-oleum-250-500.webp 1500w, https:\/\/fincaduernas.com\/wp-content\/uploads\/2023\/05\/finca-duernas-arbequina-oleum-250-500-300x300.webp 300w, https:\/\/fincaduernas.com\/wp-content\/uploads\/2023\/05\/finca-duernas-arbequina-oleum-250-500-1024x1024.webp 1024w, https:\/\/fincaduernas.com\/wp-content\/uploads\/2023\/05\/finca-duernas-arbequina-oleum-250-500-150x150.webp 150w, https:\/\/fincaduernas.com\/wp-content\/uploads\/2023\/05\/finca-duernas-arbequina-oleum-250-500-768x768.webp 768w, https:\/\/fincaduernas.com\/wp-content\/uploads\/2023\/05\/finca-duernas-arbequina-oleum-250-500-600x600.webp 600w, https:\/\/fincaduernas.com\/wp-content\/uploads\/2023\/05\/finca-duernas-arbequina-oleum-250-500-100x100.webp 100w\" sizes=\"(max-width: 1500px) 100vw, 1500px\" \/>\t\t\t\t\t\t\t\t\t\t\t\t\t\t\t<\/div>\n\t\t\t\t<\/div>\n\t\t\t\t<div class=\"elementor-element elementor-element-cbb475e elementor-align-center elementor-widget elementor-widget-button\" data-id=\"cbb475e\" data-element_type=\"widget\" data-e-type=\"widget\" data-widget_type=\"button.default\">\n\t\t\t\t<div class=\"elementor-widget-container\">\n\t\t\t\t\t\t\t\t\t<div class=\"elementor-button-wrapper\">\n\t\t\t\t\t<a class=\"elementor-button elementor-button-link elementor-size-sm\" href=\"https:\/\/fincaduernas.com\/en\/product\/duernas-oleum-arbequina-bio\">\n\t\t\t\t\t\t<span class=\"elementor-button-content-wrapper\">\n\t\t\t\t\t\t\t\t\t<span class=\"elementor-button-text\">buy<\/span>\n\t\t\t\t\t<\/span>\n\t\t\t\t\t<\/a>\n\t\t\t\t<\/div>\n\t\t\t\t\t\t\t\t<\/div>\n\t\t\t\t<\/div>\n\t\t\t\t<div class=\"elementor-element elementor-element-52f65d9 elementor-widget elementor-widget-text-editor\" data-id=\"52f65d9\" data-element_type=\"widget\" data-e-type=\"widget\" data-widget_type=\"text-editor.default\">\n\t\t\t\t<div class=\"elementor-widget-container\">\n\t\t\t\t\t\t\t\t\t<p>Ours, starts being fruity and sweet but with slight bitter and quite nice spicy sensations at the end of the palate.<\/p><p>This is quite peculiar and certifies its freshness and high quality because the high concentration of polyphenols.<\/p><p>Goes perfectly with toast, fruit, fish and salads of all kinds. It is the perfect substitute of butter for baking<\/p>\t\t\t\t\t\t\t\t<\/div>\n\t\t\t\t<\/div>\n\t\t\t\t<\/div>\n\t\t<div class=\"elementor-element elementor-element-15780a2 e-con-full e-flex e-con e-parent\" data-id=\"15780a2\" data-element_type=\"container\" data-e-type=\"container\" data-settings=\"{&quot;background_background&quot;:&quot;classic&quot;}\">\n\t\t\t\t<div class=\"elementor-element elementor-element-9099cb4 elementor-widget__width-inherit elementor-widget elementor-widget-image\" data-id=\"9099cb4\" data-element_type=\"widget\" data-e-type=\"widget\" data-widget_type=\"image.default\">\n\t\t\t\t<div class=\"elementor-widget-container\">\n\t\t\t\t\t\t\t\t\t\t\t\t\t\t\t<img loading=\"lazy\" decoding=\"async\" width=\"219\" height=\"25\" src=\"https:\/\/fincaduernas.com\/wp-content\/uploads\/2023\/05\/picual-bio.svg\" class=\"attachment-large size-large wp-image-2213\" alt=\"\" \/>\t\t\t\t\t\t\t\t\t\t\t\t\t\t\t<\/div>\n\t\t\t\t<\/div>\n\t\t\t\t<div class=\"elementor-element elementor-element-01d2187 elementor-widget elementor-widget-text-editor\" data-id=\"01d2187\" data-element_type=\"widget\" data-e-type=\"widget\" data-widget_type=\"text-editor.default\">\n\t\t\t\t<div class=\"elementor-widget-container\">\n\t\t\t\t\t\t\t\t\t<p>Duernas Organic Picual had a green aroma to aromatic herbs and recently cut grass. It is a quite complex olive oil, intense and aromatic and very convenient to have for any kitchen technique because of its stability.<\/p>\t\t\t\t\t\t\t\t<\/div>\n\t\t\t\t<\/div>\n\t\t\t\t<div class=\"elementor-element elementor-element-c106c7d elementor-widget__width-initial elementor-invisible elementor-widget elementor-widget-image\" data-id=\"c106c7d\" data-element_type=\"widget\" data-e-type=\"widget\" data-settings=\"{&quot;_animation&quot;:&quot;fadeInUp&quot;}\" data-widget_type=\"image.default\">\n\t\t\t\t<div class=\"elementor-widget-container\">\n\t\t\t\t\t\t\t\t\t\t\t\t\t\t\t<img loading=\"lazy\" decoding=\"async\" width=\"1500\" height=\"1500\" src=\"https:\/\/fincaduernas.com\/wp-content\/uploads\/2023\/05\/finca-duernas-arbequina-picual-250-500.webp\" class=\"attachment-full size-full wp-image-2204\" alt=\"\" srcset=\"https:\/\/fincaduernas.com\/wp-content\/uploads\/2023\/05\/finca-duernas-arbequina-picual-250-500.webp 1500w, https:\/\/fincaduernas.com\/wp-content\/uploads\/2023\/05\/finca-duernas-arbequina-picual-250-500-300x300.webp 300w, https:\/\/fincaduernas.com\/wp-content\/uploads\/2023\/05\/finca-duernas-arbequina-picual-250-500-1024x1024.webp 1024w, https:\/\/fincaduernas.com\/wp-content\/uploads\/2023\/05\/finca-duernas-arbequina-picual-250-500-150x150.webp 150w, https:\/\/fincaduernas.com\/wp-content\/uploads\/2023\/05\/finca-duernas-arbequina-picual-250-500-768x768.webp 768w, https:\/\/fincaduernas.com\/wp-content\/uploads\/2023\/05\/finca-duernas-arbequina-picual-250-500-600x600.webp 600w, https:\/\/fincaduernas.com\/wp-content\/uploads\/2023\/05\/finca-duernas-arbequina-picual-250-500-100x100.webp 100w\" sizes=\"(max-width: 1500px) 100vw, 1500px\" \/>\t\t\t\t\t\t\t\t\t\t\t\t\t\t\t<\/div>\n\t\t\t\t<\/div>\n\t\t\t\t<div class=\"elementor-element elementor-element-42e8858 elementor-align-center elementor-widget elementor-widget-button\" data-id=\"42e8858\" data-element_type=\"widget\" data-e-type=\"widget\" data-widget_type=\"button.default\">\n\t\t\t\t<div class=\"elementor-widget-container\">\n\t\t\t\t\t\t\t\t\t<div class=\"elementor-button-wrapper\">\n\t\t\t\t\t<a class=\"elementor-button elementor-button-link elementor-size-sm\" href=\"https:\/\/fincaduernas.com\/en\/product\/duernas-oleum-picual-bio\">\n\t\t\t\t\t\t<span class=\"elementor-button-content-wrapper\">\n\t\t\t\t\t\t\t\t\t<span class=\"elementor-button-text\">buy<\/span>\n\t\t\t\t\t<\/span>\n\t\t\t\t\t<\/a>\n\t\t\t\t<\/div>\n\t\t\t\t\t\t\t\t<\/div>\n\t\t\t\t<\/div>\n\t\t\t\t<div class=\"elementor-element elementor-element-05af1b3 elementor-widget elementor-widget-text-editor\" data-id=\"05af1b3\" data-element_type=\"widget\" data-e-type=\"widget\" data-widget_type=\"text-editor.default\">\n\t\t\t\t<div class=\"elementor-widget-container\">\n\t\t\t\t\t\t\t\t\t<p>It is quite bitter and spicy which are two very important positive attributes of olive oil because only the ones obtained from fresh green olives have these healthy characteristics.&nbsp;<span style=\"color: var( --e-global-color-primary ); background-color: var( --e-global-color-5db7eda );\">utilizado por&nbsp; nutricionistas deportivos profesionales como \u00fanica aceite en la dieta de sus atletas.&nbsp;<\/span><\/p>\n<p><span style=\"background-color: var( --e-global-color-5db7eda ); color: var( --e-global-color-primary );\">Good for stews and soups, carpaccios,  grilled poultry, meat and deep frying. Also  recommended for Sushi.\n\nThis oil is used by many professional  sports nutricionist as the only oil in their  athletes\u2019 diet<\/span><\/p>\n<p>Perfect for long stews, vegetables, cheese or tartars. Most suitable for frying and canned food for its high stability.<\/p>\t\t\t\t\t\t\t\t<\/div>\n\t\t\t\t<\/div>\n\t\t\t\t<\/div>\n\t\t\t\t\t<\/div>\n\t\t\t\t<\/div>\n\t\t\t\t<\/div>","protected":false},"excerpt":{"rendered":"<p>En Finca Duernas llevamos 200 a\u00f1os elaborando aceite. La cosecha es temprana y la molturaci\u00f3n muy mimada y corta. El molino, situado en el coraz\u00f3n de la Finca, nos permite ofrecer un zumo de aceituna \u00fanico, lleno de aromas y nutrientes. Nuestro Arbequino ecol\u00f3gico se caracteriza por su aroma afrutado, resaltando las notas de tomate [&hellip;]<\/p>","protected":false},"author":1,"featured_media":0,"parent":0,"menu_order":0,"comment_status":"closed","ping_status":"closed","template":"","meta":{"footnotes":""},"class_list":["post-2343","page","type-page","status-publish","hentry"],"yoast_head":"<!-- This site is optimized with the Yoast SEO plugin v26.9 - https:\/\/yoast.com\/product\/yoast-seo-wordpress\/ -->\n<title>Duernas Oleum - Finca Duernas<\/title>\n<meta name=\"robots\" content=\"index, follow, max-snippet:-1, max-image-preview:large, max-video-preview:-1\" \/>\n<link rel=\"canonical\" href=\"https:\/\/fincaduernas.com\/en\/duernas-oleum\/\" \/>\n<meta property=\"og:locale\" content=\"en_GB\" \/>\n<meta property=\"og:type\" content=\"article\" \/>\n<meta property=\"og:title\" content=\"Duernas Oleum - Finca Duernas\" \/>\n<meta property=\"og:description\" content=\"En Finca Duernas llevamos 200 a\u00f1os elaborando aceite. La cosecha es temprana y la molturaci\u00f3n muy mimada y corta. El molino, situado en el coraz\u00f3n de la Finca, nos permite ofrecer un zumo de aceituna \u00fanico, lleno de aromas y nutrientes. Nuestro Arbequino ecol\u00f3gico se caracteriza por su aroma afrutado, resaltando las notas de tomate [&hellip;]\" \/>\n<meta property=\"og:url\" content=\"https:\/\/fincaduernas.com\/en\/duernas-oleum\/\" \/>\n<meta property=\"og:site_name\" content=\"Finca Duernas\" \/>\n<meta property=\"article:modified_time\" content=\"2023-07-17T12:35:50+00:00\" \/>\n<meta property=\"og:image\" content=\"https:\/\/fincaduernas.com\/wp-content\/uploads\/2021\/03\/oliva-adorno.png\" \/>\n<meta name=\"twitter:card\" content=\"summary_large_image\" \/>\n<meta name=\"twitter:label1\" content=\"Estimated reading time\" \/>\n\t<meta name=\"twitter:data1\" content=\"3 minutes\" \/>\n<script type=\"application\/ld+json\" class=\"yoast-schema-graph\">{\"@context\":\"https:\/\/schema.org\",\"@graph\":[{\"@type\":\"WebPage\",\"@id\":\"https:\/\/fincaduernas.com\/duernas-oleum\",\"url\":\"https:\/\/fincaduernas.com\/duernas-oleum\",\"name\":\"Duernas Oleum - Finca Duernas\",\"isPartOf\":{\"@id\":\"https:\/\/fincaduernas.com\/#website\"},\"primaryImageOfPage\":{\"@id\":\"https:\/\/fincaduernas.com\/duernas-oleum#primaryimage\"},\"image\":{\"@id\":\"https:\/\/fincaduernas.com\/duernas-oleum#primaryimage\"},\"thumbnailUrl\":\"https:\/\/fincaduernas.com\/wp-content\/uploads\/2021\/03\/oliva-adorno.png\",\"datePublished\":\"2023-05-10T16:14:14+00:00\",\"dateModified\":\"2023-07-17T12:35:50+00:00\",\"breadcrumb\":{\"@id\":\"https:\/\/fincaduernas.com\/duernas-oleum#breadcrumb\"},\"inLanguage\":\"en-GB\",\"potentialAction\":[{\"@type\":\"ReadAction\",\"target\":[\"https:\/\/fincaduernas.com\/duernas-oleum\"]}]},{\"@type\":\"ImageObject\",\"inLanguage\":\"en-GB\",\"@id\":\"https:\/\/fincaduernas.com\/duernas-oleum#primaryimage\",\"url\":\"https:\/\/fincaduernas.com\/wp-content\/uploads\/2021\/03\/oliva-adorno.png\",\"contentUrl\":\"https:\/\/fincaduernas.com\/wp-content\/uploads\/2021\/03\/oliva-adorno.png\"},{\"@type\":\"BreadcrumbList\",\"@id\":\"https:\/\/fincaduernas.com\/duernas-oleum#breadcrumb\",\"itemListElement\":[{\"@type\":\"ListItem\",\"position\":1,\"name\":\"Portada\",\"item\":\"https:\/\/fincaduernas.com\/\"},{\"@type\":\"ListItem\",\"position\":2,\"name\":\"Duernas Oleum\"}]},{\"@type\":\"WebSite\",\"@id\":\"https:\/\/fincaduernas.com\/#website\",\"url\":\"https:\/\/fincaduernas.com\/\",\"name\":\"Finca Duernas\",\"description\":\"Aceite de Oliva Virgen Extra\",\"publisher\":{\"@id\":\"https:\/\/fincaduernas.com\/#organization\"},\"potentialAction\":[{\"@type\":\"SearchAction\",\"target\":{\"@type\":\"EntryPoint\",\"urlTemplate\":\"https:\/\/fincaduernas.com\/?s={search_term_string}\"},\"query-input\":{\"@type\":\"PropertyValueSpecification\",\"valueRequired\":true,\"valueName\":\"search_term_string\"}}],\"inLanguage\":\"en-GB\"},{\"@type\":\"Organization\",\"@id\":\"https:\/\/fincaduernas.com\/#organization\",\"name\":\"Finca Duernas\",\"url\":\"https:\/\/fincaduernas.com\/\",\"logo\":{\"@type\":\"ImageObject\",\"inLanguage\":\"en-GB\",\"@id\":\"https:\/\/fincaduernas.com\/#\/schema\/logo\/image\/\",\"url\":\"https:\/\/fincaduernas.com\/wp-content\/uploads\/2022\/09\/finca-duernas-logo.svg\",\"contentUrl\":\"https:\/\/fincaduernas.com\/wp-content\/uploads\/2022\/09\/finca-duernas-logo.svg\",\"width\":123,\"height\":31,\"caption\":\"Finca Duernas\"},\"image\":{\"@id\":\"https:\/\/fincaduernas.com\/#\/schema\/logo\/image\/\"}}]}<\/script>\n<!-- \/ Yoast SEO plugin. -->","yoast_head_json":{"title":"Duernas Oleum - Finca Duernas","robots":{"index":"index","follow":"follow","max-snippet":"max-snippet:-1","max-image-preview":"max-image-preview:large","max-video-preview":"max-video-preview:-1"},"canonical":"https:\/\/fincaduernas.com\/en\/duernas-oleum\/","og_locale":"en_GB","og_type":"article","og_title":"Duernas Oleum - Finca Duernas","og_description":"En Finca Duernas llevamos 200 a\u00f1os elaborando aceite. La cosecha es temprana y la molturaci\u00f3n muy mimada y corta. El molino, situado en el coraz\u00f3n de la Finca, nos permite ofrecer un zumo de aceituna \u00fanico, lleno de aromas y nutrientes. Nuestro Arbequino ecol\u00f3gico se caracteriza por su aroma afrutado, resaltando las notas de tomate [&hellip;]","og_url":"https:\/\/fincaduernas.com\/en\/duernas-oleum\/","og_site_name":"Finca Duernas","article_modified_time":"2023-07-17T12:35:50+00:00","og_image":[{"url":"https:\/\/fincaduernas.com\/wp-content\/uploads\/2021\/03\/oliva-adorno.png","type":"","width":"","height":""}],"twitter_card":"summary_large_image","twitter_misc":{"Estimated reading time":"3 minutes"},"schema":{"@context":"https:\/\/schema.org","@graph":[{"@type":"WebPage","@id":"https:\/\/fincaduernas.com\/duernas-oleum","url":"https:\/\/fincaduernas.com\/duernas-oleum","name":"Duernas Oleum - Finca Duernas","isPartOf":{"@id":"https:\/\/fincaduernas.com\/#website"},"primaryImageOfPage":{"@id":"https:\/\/fincaduernas.com\/duernas-oleum#primaryimage"},"image":{"@id":"https:\/\/fincaduernas.com\/duernas-oleum#primaryimage"},"thumbnailUrl":"https:\/\/fincaduernas.com\/wp-content\/uploads\/2021\/03\/oliva-adorno.png","datePublished":"2023-05-10T16:14:14+00:00","dateModified":"2023-07-17T12:35:50+00:00","breadcrumb":{"@id":"https:\/\/fincaduernas.com\/duernas-oleum#breadcrumb"},"inLanguage":"en-GB","potentialAction":[{"@type":"ReadAction","target":["https:\/\/fincaduernas.com\/duernas-oleum"]}]},{"@type":"ImageObject","inLanguage":"en-GB","@id":"https:\/\/fincaduernas.com\/duernas-oleum#primaryimage","url":"https:\/\/fincaduernas.com\/wp-content\/uploads\/2021\/03\/oliva-adorno.png","contentUrl":"https:\/\/fincaduernas.com\/wp-content\/uploads\/2021\/03\/oliva-adorno.png"},{"@type":"BreadcrumbList","@id":"https:\/\/fincaduernas.com\/duernas-oleum#breadcrumb","itemListElement":[{"@type":"ListItem","position":1,"name":"Portada","item":"https:\/\/fincaduernas.com\/"},{"@type":"ListItem","position":2,"name":"Duernas Oleum"}]},{"@type":"WebSite","@id":"https:\/\/fincaduernas.com\/#website","url":"https:\/\/fincaduernas.com\/","name":"Finca Duernas","description":"Aceite de Oliva Virgen Extra","publisher":{"@id":"https:\/\/fincaduernas.com\/#organization"},"potentialAction":[{"@type":"SearchAction","target":{"@type":"EntryPoint","urlTemplate":"https:\/\/fincaduernas.com\/?s={search_term_string}"},"query-input":{"@type":"PropertyValueSpecification","valueRequired":true,"valueName":"search_term_string"}}],"inLanguage":"en-GB"},{"@type":"Organization","@id":"https:\/\/fincaduernas.com\/#organization","name":"Finca Duernas","url":"https:\/\/fincaduernas.com\/","logo":{"@type":"ImageObject","inLanguage":"en-GB","@id":"https:\/\/fincaduernas.com\/#\/schema\/logo\/image\/","url":"https:\/\/fincaduernas.com\/wp-content\/uploads\/2022\/09\/finca-duernas-logo.svg","contentUrl":"https:\/\/fincaduernas.com\/wp-content\/uploads\/2022\/09\/finca-duernas-logo.svg","width":123,"height":31,"caption":"Finca Duernas"},"image":{"@id":"https:\/\/fincaduernas.com\/#\/schema\/logo\/image\/"}}]}},"_links":{"self":[{"href":"https:\/\/fincaduernas.com\/en\/wp-json\/wp\/v2\/pages\/2343","targetHints":{"allow":["GET"]}}],"collection":[{"href":"https:\/\/fincaduernas.com\/en\/wp-json\/wp\/v2\/pages"}],"about":[{"href":"https:\/\/fincaduernas.com\/en\/wp-json\/wp\/v2\/types\/page"}],"author":[{"embeddable":true,"href":"https:\/\/fincaduernas.com\/en\/wp-json\/wp\/v2\/users\/1"}],"replies":[{"embeddable":true,"href":"https:\/\/fincaduernas.com\/en\/wp-json\/wp\/v2\/comments?post=2343"}],"version-history":[{"count":25,"href":"https:\/\/fincaduernas.com\/en\/wp-json\/wp\/v2\/pages\/2343\/revisions"}],"predecessor-version":[{"id":3011,"href":"https:\/\/fincaduernas.com\/en\/wp-json\/wp\/v2\/pages\/2343\/revisions\/3011"}],"wp:attachment":[{"href":"https:\/\/fincaduernas.com\/en\/wp-json\/wp\/v2\/media?parent=2343"}],"curies":[{"name":"wp","href":"https:\/\/api.w.org\/{rel}","templated":true}]}}